{"id":493,"date":"2022-09-05T14:01:28","date_gmt":"2022-09-05T14:01:28","guid":{"rendered":"http:\/\/viettradecompass.com\/?page_id=493"},"modified":"2024-12-14T09:06:40","modified_gmt":"2024-12-14T09:06:40","slug":"tu-van-dau-tu-dinh-cu","status":"publish","type":"page","link":"http:\/\/viettradecompass.com\/index.php\/vi\/tu-van-dau-tu-dinh-cu\/","title":{"rendered":"\u0110\u1ecaNH C\u01af \u00daC v\u00e0 CANADA"},"content":{"rendered":"\n<p class=\"has-larger-font-size\"><strong>\u0110\u1ea6U T\u01af \u0110\u1ecaNH C\u01af V\u00c0 DI TR\u00da CANADA<\/strong><\/p>\n\n\n\n<p>Canada \u0111\u01b0\u1ee3c xem l\u00e0 m\u1ed9t trong nh\u1eefngqu\u1ed1c gia \u0111\u00e1ng s\u1ed1ng nh\u1ea5t tr\u00ean th\u1ebf gi\u1edbi v\u1edbi ch\u1ebf \u0111\u1ed9 ph\u00fac l\u1ee3i v\u00e0 an sinh x\u00e3 h\u1ed9i cao, n\u1ec1n kinh t\u1ebf r\u1ea5t ph\u00e1t tri\u1ec3n, ch\u00ednh tr\u1ecb \u1ed5n \u0111\u1ecbnh, gi\u00e1o d\u1ee5c ch\u1ea5t l\u01b0\u1ee3ng, m\u00f4i tr\u01b0\u1eddng trong l\u00e0nh, thi\u00ean nhi\u00ean \u01b0u \u0111\u00e3i \u2026, \u0111\u1eb7c bi\u1ec7t l\u00e0 con ng\u01b0\u1eddi th\u00e2n thi\u1ec7n v\u00e0 h\u00f2a \u0111\u1ed3ng. B\u1ea1n c\u0169ng \u0111ang t\u00ecm c\u01a1 h\u1ed9i \u0111\u1ec3 \u0111\u1ea7u t\u01b0 \u0111\u1ecbnh c\u01b0 Canada? H\u00e3y c\u00f9ng t\u00ecm hi\u1ec3u:<\/p>\n\n\n\n<p><\/p>\n\n\n\n<p class=\"has-larger-font-size\">I. <strong>Ch\u01b0\u01a1ng tr\u00ecnh \u0111\u1ecbnh c\u01b0 Canada di\u1ec7n doanh nh\u00e2n<\/strong><\/p>\n\n\n\n<p>\u0110\u1ec3 g\u00f3p ph\u1ea7n ph\u00e1t tri\u1ec3n kinh t\u1ebf h\u01a1n n\u1eefa, ch\u00ednh ph\u1ee7 Canada \u0111\u00e3 m\u1edf ra c\u00e1c ch\u01b0\u01a1ng tr\u00ecnh \u0110\u1ea7u t\u01b0 \u0111\u1ecbnh c\u01b0 Canada di\u1ec7n doanh nh\u00e2n, \u0111\u00e2y l\u00e0 c\u00e1c ch\u01b0\u01a1ng tr\u00ecnh d\u00e0nh cho c\u00e1c ch\u1ee7 doanh nghi\u1ec7p, nh\u00e0 \u0111\u1ea7u t\u01b0 quan t\u00e2m \u0111\u1ebfn vi\u1ec7c ph\u00e1t tri\u1ec3n kinh doanh t\u1ea1i Canada.&nbsp;\u0110\u00e2y c\u0169ng l\u00e0 con \u0111\u01b0\u1eddng gi\u00fap ch\u1ee7 doanh nghi\u1ec7p v\u00e0 nh\u00e0 \u0111\u1ea7u t\u01b0 Vi\u1ec7t Nam m\u1edf r\u1ed9ng ho\u1ea1t \u0111\u1ed9ng kinh doanh, \u0111\u1ed3ng th\u1eddi c\u00f9ng gia \u0111\u00ecnh c\u00f3 th\u1ebb th\u01b0\u1eddng tr\u00fa nh\u00e2n h\u1ee3p ph\u00e1p \u0111\u1ec3 \u0111\u1ecbnh c\u01b0 t\u1ea1i Canada, t\u1eadn h\u01b0\u1edfng nh\u1eefng l\u1ee3i \u00edch m\u00e0 th\u1ebb th\u01b0\u1eddng tr\u00fa nh\u00e2n mang l\u1ea1i.<\/p>\n\n\n\n<p>Hi\u1ec7n nay, ch\u01b0\u01a1ng tr\u00ecnh \u0111\u1ecbnh c\u01b0 Canada di\u1ec7n \u0111\u1ea7u t\u01b0 \u0111\u01b0\u1ee3c chia th\u00e0nh 2 lo\u1ea1i ch\u00ednh:&nbsp;<\/p>\n\n\n\n<ul>\n<li><strong>Ch\u01b0\u01a1ng tr\u00ecnh Doanh nh\u00e2n &#8211; \u0110\u1ea7u t\u01b0 Li\u00ean Bang<\/strong> <strong>(Federal Business Entrepreneur)<\/strong>: <\/li>\n<\/ul>\n\n\n\n<p class=\"has-regular-font-size\">Theo \u0111\u00f3, Ch\u01b0\u01a1ng tr\u00ecnh Li\u00ean Bang s\u1ebd \u0111\u01b0\u1ee3c v\u1eadn h\u00e0nh b\u1edfi ch\u00ednh quy\u1ec1n c\u1ea5p Li\u00ean Bang cho ph\u00e9p doanh nh\u00e2n, nh\u00e0 \u0111\u1ea7u t\u01b0 th\u00e0nh l\u1eadp doanh nghi\u1ec7p t\u1ea1i b\u1ea5t c\u1ee9 \u0111\u00e2u \u1edf Canada.<\/p>\n\n\n\n<p>Ch\u01b0\u01a1ng tr\u00ecnh \u0111\u1ecbnh c\u01b0 di\u1ec7n doanh-nh\u00e2n &#8211; \u0111\u1ea7u t\u01b0 Li\u00ean Bang m\u1edbi nh\u1ea5t v\u00e0 n\u1ed5i b\u1eadt hi\u1ec7n nay l\u00e0 <strong><a href=\"https:\/\/viettradecompass.com\/index.php\/vi\/tu-van-dau-tu-dinh-cu\/chuong-trinh-suv-start-up-visa\/\" target=\"_blank\" rel=\"noreferrer noopener\">Start up Visa <\/a>(SUV)<\/strong>. \u0110\u00e2y l\u00e0 ch\u01b0\u01a1ng tr\u00ecnh d\u00e0nh cho nh\u1eefng doanh nh\u00e2n c\u00f3 \u00fd t\u01b0\u1edfng kinh doanh s\u00e1ng t\u1ea1o, \u0111\u1ed9c \u0111\u00e1o.<\/p>\n\n\n\n<p>\u01afu \u0111i\u1ec3m: th\u1eddi gian th\u1ee5 l\u00fd h\u1ed3 s\u01a1 nhanh, kh\u00f4ng gi\u1edbi h\u1ea1n \u0111\u1ed9 tu\u1ed5i, nh\u1eadn th\u1ebb th\u01b0\u1eddng tr\u00fa nh\u00e2n cho c\u1ea3 gia \u0111\u00ecnh ngay t\u1ea1i Vi\u1ec7t Nam.<\/p>\n\n\n\n<p>\u0110\u1ec3 tham gia ch\u01b0\u01a1ng tr\u00ecnh, \u0111\u01b0\u01a1ng \u0111\u01a1n c\u1ea7n ph\u1ea3i c\u00f3 \u00fd t\u01b0\u1edfng kh\u1edfi nghi\u1ec7p \u0111\u01b0\u1ee3c duy\u1ec7t v\u00e0 \u0111\u1ed3ng \u00fd \u0111\u1ea7u t\u01b0 b\u1edfi m\u1ed9t trong c\u00e1c t\u1ed5 ch\u1ee9c h\u1ed7 tr\u1ee3 t\u00e0i ch\u00ednh do ch\u00ednh ph\u1ee7 Canada ch\u1ec9 \u0111\u1ecbnh, bao g\u1ed3m:  Qu\u1ef9 \u0111\u1ea7u t\u01b0 m\u1ea1o hi\u1ec3m (Venture Capital Fund), ho\u1eb7c Qu\u1ef9 \u0111\u1ea7u t\u01b0 thi\u00ean th\u1ea7n (Angel Investors), ho\u1eb7c Qu\u1ef9 v\u01b0\u1eddn \u01b0\u01a1m kh\u1edfi nghi\u1ec7p (Business Incubator).<\/p>\n\n\n\n<p>Hi\u1ec7p \u0111\u1ecbnh \u0110\u1ed1i t\u00e1c To\u00e0n di\u1ec7n v\u00e0 Ti\u1ebfn b\u1ed9 xuy\u00ean Th\u00e1i B\u00ecnh D\u01b0\u01a1ng (CPTPP) k\u00fd k\u1ebft n\u0103m 2018 m\u1edf ra c\u01a1 h\u1ed9i \u0111\u1ea7u t\u01b0 \u0111\u1ea7y ti\u1ec1m n\u0103ng cho nh\u00e0 \u0111\u1ea7u t\u01b0 Vi\u1ec7t Nam v\u00e0o Canada. Theo cam k\u1ebft c\u1ee7a CPTPP, k\u1ec3 t\u1eeb gi\u1eefa th\u00e1ng gi\u00eang 2019, ch\u00ednh ph\u1ee7 Canada s\u1ebd c\u1ea5p gi\u1ea5y ph\u00e9p lao \u0111\u1ed9ng cho c\u00f4ng d\u00e2n Vi\u1ec7t Nam theo di\u1ec7n \u0111\u1ea7u t\u01b0 theo Ch\u01b0\u01a1ng Tr\u00ecnh <a href=\"https:\/\/viettradecompass.com\/index.php\/vi\/tu-van-dau-tu-dinh-cu\/chuong-trinh-suv-start-up-visa\/\" target=\"_blank\" rel=\"noreferrer noopener\"><strong>CPTPP \u2013 T50<\/strong><\/a>.<\/p>\n\n\n\n<p>.<\/p>\n\n\n\n<ul>\n<li><strong>Ch\u01b0\u01a1ng tr\u00ecnh Doanh nh\u00e2n \u2013 \u0110\u1ea7u t\u01b0 T\u1ec9nh Bang (<strong><a href=\"https:\/\/viettradecompass.com\/index.php\/chuong-trinh-doanh-nhan-dau-tu-tinh-bang-pnp\/\" target=\"_blank\" rel=\"noreferrer noopener\">Provincial Business Entrepreneur<\/a><\/strong>)<\/strong>: M\u1ed7i t\u1ec9nh bang s\u1ebd c\u00f3 ch\u01b0\u01a1ng tr\u00ecnh ri\u00eang v\u1edbi y\u00eau c\u1ea7u v\u00e0 \u01b0u \u0111\u00e3i ri\u00eang. Do \u0111\u00f3, khi quy\u1ebft \u0111\u1ecbnh \u0111\u1ecbnh c\u01b0 \u1edf b\u1ea5t c\u1ee9 T\u1ec9nh Bang n\u00e0o, \u0111\u01b0\u01a1ng \u0111\u01a1n c\u0169ng n\u00ean t\u00ecm hi\u1ec3u k\u1ef9 \u0111\u1ec3 c\u00f3 s\u1ef1 chu\u1ea9n b\u1ecb t\u1ed1t nh\u1ea5t.<\/li>\n<\/ul>\n\n\n\n<p><\/p>\n\n\n\n<p class=\"has-larger-font-size\">II. <strong>Ch\u01b0\u01a1ng tr\u00ecnh \u0111\u1ecbnh c\u01b0 Canada di\u1ec7n tay ngh\u1ec1<\/strong> &#8211;<strong> Skilled Worker (SW)<\/strong><\/p>\n\n\n\n<p>\u0110\u1ec3 thu h\u00fat ngu\u1ed3n nh\u00e2n l\u1ef1c c\u00f3 tay ngh\u1ec1, ch\u00ednh ph\u1ee7 Canada \u0111\u00e3 m\u1edf ra c\u00e1c ch\u01b0\u01a1ng tr\u00ecnh \u0111\u1ecbnh c\u01b0 di\u1ec7n tay ngh\u1ec1, \u0111\u00e2y s\u1ebd l\u00e0 c\u01a1 h\u1ed9i cho c\u00e1c \u1ee9ng vi\u00ean t\u1eeb Vi\u1ec7t Nam n\u1ed9p \u0111\u01a1n v\u00e0o h\u1ec7 th\u1ed1ng ch\u01b0\u01a1ng tr\u00ecnh&nbsp;\u0110\u1ecbnh c\u01b0 Canada di\u1ec7n tay ngh\u1ec1 &nbsp;(<strong><a href=\"https:\/\/viettradecompass.com\/index.php\/chuong-trinh-dinh-cu-canada-dien-tay-nghe\/\" target=\"_blank\" rel=\"noreferrer noopener\">Skilled Worker &#8211; SW<\/a><\/strong>)&nbsp;bao g\u1ed3m c\u00e1c ch\u01b0\u01a1ng tr\u00ecnh h\u1ea5p d\u1eabn v\u1edbi nhi\u1ec1u ch\u00ednh s\u00e1ch c\u00f3 l\u1ee3i cho l\u1ef1c l\u01b0\u1ee3ng lao \u0111\u1ed9ng c\u00f3 tay ngh\u1ec1 ho\u1eb7c tr\u00ecnh \u0111\u1ed9 h\u1ecdc v\u1ea5n cao v\u00e0 s\u1eed d\u1ee5ng th\u00e0nh th\u1ea1o ti\u1ebfng Anh ho\u1eb7c ti\u1ebfng Ph\u00e1p.<\/p>\n\n\n\n<p>Canada c\u00f3 3 ch\u01b0\u01a1ng tr\u00ecnh \u0111\u1ecbnh c\u01b0 theo di\u1ec7n tay ngh\u1ec1, bao g\u1ed3m:&nbsp;<strong>Canada Express Entry (ch\u01b0\u01a1ng tr\u00ecnh c\u1ee7a Li\u00ean bang)<\/strong>,&nbsp;<strong>Ch\u01b0\u01a1ng tr\u00ecnh \u0111\u1ecbnh c\u01b0 tay ngh\u1ec1 c\u1ea5p li\u00ean bang, v\u00e0 Provincial Nominee Programs (ch\u01b0\u01a1ng tr\u00ecnh c\u1ee7a c\u00e1c t\u1ec9nh\/Bang, kh\u00f4ng t\u00ednh Quebec)<\/strong>.<\/p>\n\n\n\n<ul>\n<li><strong>Ch\u01b0\u01a1ng tr\u00ecnh \u0111\u1ecbnh c\u01b0 c\u1ee7a Li\u00ean bang \u2013 Canada Express Entry (EE)<\/strong><\/li>\n<\/ul>\n\n\n\n<p>\u1ee8ng vi\u00ean khi tham gia ch\u01b0\u01a1ng tr\u00ecnh \u0111\u1ecbnh c\u01b0 n\u00e0y c\u00f3 th\u1ec3 sinh s\u1ed1ng t\u1ea1i b\u1ea5t c\u1ee9 bang n\u00e0o.<\/p>\n\n\n\n<p>Ch\u00ednh s\u00e1ch \u0111\u1ecbnh c\u01b0 theo di\u1ec7n tay ngh\u1ec1 c\u1ee7a Li\u00ean bang c\u00f3 3 d\u1ea1ng l\u00e0 Federal Skilled Worker Program (FSW) &#8211; Lao \u0111\u1ed9ng Tr\u00ecnh \u0111\u1ed9 cao Li\u00ean Bang, Federal Skilled Trade Program (FSTP) &#8211; Lao \u0111\u1ed9ng Tay ngh\u1ec1 cao Li\u00ean Bang v\u00e0 Canadian Experience Class (CEC) &#8211; Lao \u0111\u1ed9ng \u0111\u00e3 c\u00f3 kinh nghi\u1ec7m l\u00e0m vi\u1ec7c \u1edf Canada.<\/p>\n\n\n\n<ul>\n<li><strong><strong>Ch\u01b0\u01a1ng tr\u00ecnh \u0111\u1ecbnh c\u01b0 tay ngh\u1ec1 c\u1ea5p li\u00ean bang <\/strong><\/strong><\/li>\n<\/ul>\n\n\n\n<p>Canada c\u00f3 c\u00e1c ch\u01b0\u01a1ng tr\u00ecnh \u0111\u1ecbnh c\u01b0 tay ngh\u1ec1 \u1edf c\u1ea5p li\u00ean bang nh\u1eb1m thu h\u00fat lao \u0111\u1ed9ng n\u01b0\u1edbc ngo\u00e0i \u0111\u1ebfn l\u00e0m vi\u1ec7c trong nh\u1eefng ng\u00e0nh ngh\u1ec1 thi\u1ebfu h\u1ee5t lao \u0111\u1ed9ng ho\u1eb7c \u1edf nh\u1eefng khu v\u1ef1c Canada mu\u1ed1n ph\u00e1t tri\u1ec3n.<\/p>\n\n\n\n<ul>\n<li><strong>Ch\u01b0\u01a1ng tr\u00ecnh \u0111\u1ecbnh c\u01b0 c\u1ee7a t\u1ec9nh bang \u2013 Provincial Nominee Programs (PNP)<\/strong><\/li>\n<\/ul>\n\n\n\n<p>T\u00f9y thu\u1ed9c v\u00e0o t\u1ec9nh bang b\u1ea1n mu\u1ed1n sinh s\u1ed1ng, s\u1ebd c\u00f3 nh\u1eefng \u0111i\u1ec1u ki\u1ec7n \u0111\u1ecbnh c\u01b0 c\u1ee5 th\u1ec3 kh\u00e1c nhau v\u00e0 b\u1ea1n c\u1ea7n ph\u1ea3i cam k\u1ebft th\u1eddi gian s\u1ed1ng \u1edf t\u1ec9nh bang m\u00e0 b\u1ea1n n\u1ed9p h\u1ed3 s\u01a1 \u0111\u1ecbnh c\u01b0. B\u1ea1n s\u1ebd ph\u1ea3i n\u1ed9p h\u1ed3 s\u01a1 cho t\u1ec9nh bang, khi \u0111\u1ea1t y\u00eau c\u1ea7u b\u1ea1n s\u1ebd \u0111\u01b0\u1ee3c b\u1ea3o l\u00e3nh \u0111\u1ec3 c\u1ea5p th\u1ebb Permanent Resident (PR \u2013 Th\u01b0\u1eddng tr\u00fa nh\u00e2n).<\/p>\n\n\n\n<p><\/p>\n\n\n\n<p class=\"has-larger-font-size\"><strong>III. Du h\u1ecdc Canada<\/strong><\/p>\n\n\n\n<p>Du h\u1ecdc c\u00f3 th\u1ec3 l\u00e0 m\u1ed9t l\u1ef1a ch\u1ecdn tuy\u1ec7t v\u1eddi \u0111\u1ec3 tr\u1edf th\u00e0nh m\u1ed9t th\u01b0\u1eddng tr\u00fa nh\u00e2n Canada, nh\u1eefng thu\u1eadn l\u1ee3i b\u1ea1n c\u00f3 th\u1ec3 c\u00f3 khi du h\u1ecdc t\u1ea1i Canada:<\/p>\n\n\n\n<p>Vi\u1ec7c t\u1ed1t nghi\u1ec7p t\u1ea1i m\u1ed9t c\u01a1 s\u1edf gi\u00e1o d\u1ee5c Canada c\u00f3 th\u1ec3 g\u00f3p ph\u1ea7n gi\u00fap b\u1ea1n t\u0103ng th\u00eam c\u01a1 h\u1ed9i \u0111\u01b0\u1ee3c xem x\u00e9t ch\u1ea5p nh\u1eadn khi b\u1ea1n n\u1ed9p h\u1ed3 s\u01a1 cho m\u1ed9t ch\u01b0\u01a1ng tr\u00ecnh \u0111\u1ecbnh c\u01b0 Canada.<\/p>\n\n\n\n<p>Vi\u1ec7c t\u1ed1t nghi\u1ec7p t\u1ea1i m\u1ed9t c\u01a1 s\u1edf gi\u00e1o d\u1ee5c Canada c\u00f3 th\u1ec3 gi\u00fap b\u1ea1n c\u00f3 c\u01a1 h\u1ed9i th\u00f4ng qua m\u1ed9t s\u1ed1 ch\u01b0\u01a1ng tr\u00ecnh nh\u01b0 Post-Graduation Work Permit Program (PGWPP), gi\u00fap b\u1ea1n c\u00f3 c\u01a1 h\u1ed9i ti\u1ebfp t\u1ee5c \u1edf l\u1ea1i l\u00e0m vi\u1ec7c t\u1ea1i Canada c\u00f3 th\u1eddi h\u1ea1n sau khi t\u1ed1t nghi\u1ec7p, ho\u1eb7c ch\u01b0\u01a1ng tr\u00ecnh Atlantic Immigration Pilot Program (AIPP) n\u1ebfu b\u1ea1n t\u1ed1t nghi\u1ec7p t\u1ea1i m\u1ed9t trong c\u00e1c tr\u01b0\u1eddng trong danh s\u00e1ch \u0111\u01b0\u1ee3c ch\u1ec9 \u0111\u1ecbnh c\u1ee7a 4 T\u1ec9nh Bang v\u00f9ng Atlantic (Newfoundland and Labrador, New Brunswick, Prince Edward Island v\u00e0 Nova Scotia).<\/p>\n\n\n\n<p>&gt;&gt;<\/p>\n\n\n\n<p class=\"has-text-color has-link-color wp-elements-f50a9ec95c2d79cd05257c0216ab7b45\" style=\"color:#626262\">B\u00ean c\u1ea1nh kinh nghi\u1ec7m h\u01a1n 10 n\u0103m c\u00f4ng t\u00e1c t\u1ea1i T\u1ed5ng L\u00e3nh S\u1ef1 Qu\u00e1n \u00dac, .<\/p>\n\n\n\n<p>T\u00ecm hi\u1ec3u v\u00e0 trao \u0111\u1ed5i th\u00eam th\u00f4ng tin vui l\u00f2ng li\u00ean l\u1ec7 v\u1edbi ch\u00fang t\u00f4i qua email: <a href=\"mailto:info@viettradecompass.com\">info@viettradecompass.com<\/a><\/p>\n\n\n\n<p class=\"has-huge-font-size\"><\/p>\n\n\n\n<p class=\"has-larger-font-size\"><strong>\u0110\u1ea6U T\u01af \u0110\u1ecaNH C\u01af V\u00c0 DI TR\u00da \u00daC<\/strong><\/p>\n\n\n\n<p>\u00dac l\u00e0 \u0111\u1ea5t n\u01b0\u1edbc l\u00fd t\u01b0\u1edfng m\u00e0 r\u1ea5t nhi\u1ec1u ng\u01b0\u1eddi mu\u1ed1n \u0111\u1eb7t ch\u00e2n t\u1edbi v\u00e0 n\u1ebfu \u0111\u01b0\u1ee3c \u0111\u1ecbnh c\u01b0 t\u1ea1i \u0111\u1ea5t n\u01b0\u1edbc xinh \u0111\u1eb9p n\u00e0y l\u00e0 m\u1ed9t \u0111i\u1ec1u v\u00f4 c\u00f9ng tuy\u1ec7t v\u1eddi. V\u1edbi n\u1ec1n kinh t\u1ebf ph\u00e1t tri\u1ec3n, ch\u00ednh s\u00e1ch an sinh x\u00e3 h\u1ed9i v\u01b0\u1ee3t tr\u1ed9i, nh\u1eefng th\u00e0nh ph\u1ed1 \u0111\u00e1ng s\u1ed1ng nh\u1ea5t th\u1ebf gi\u1edbi, \u00dac l\u00e0 m\u1ed9t trong nh\u1eefng \u0111i\u1ec3m \u0111\u1ebfn \u0111\u1ecbnh c\u01b0 \u0111\u01b0\u1ee3c nhi\u1ec1u ng\u01b0\u1eddi l\u1ef1a ch\u1ecdn. \u00dac t\u1ea1o \u0111i\u1ec1u ki\u1ec7n cho ng\u01b0\u1eddi nh\u1eadp c\u01b0 l\u1ea5y quy\u1ec1n \u0111\u1ecbnh c\u01b0 \u00dac qua c\u00e1c ch\u01b0\u01a1ng tr\u00ecnh d\u00e0nh cho nhi\u1ec1u \u0111\u1ed1i t\u01b0\u1ee3ng kh\u00e1c nhau:<\/p>\n\n\n\n<ul>\n<li><a href=\"https:\/\/viettradecompass.com\/index.php\/visa-dinh-cu-uc-dien-doanh-nhan-dau-tu\/\" target=\"_blank\" rel=\"noreferrer noopener\">\u0110\u1ecbnh c\u01b0 \u00dac di\u1ec7n doanh nh\u00e2n, \u0111\u1ea7u t\u01b0<\/a><\/li>\n\n\n\n<li><a href=\"https:\/\/viettradecompass.com\/index.php\/visa-dinh-cu-uc-dien-viec-lam-va-dien-tay-nghe-skilled-worker\/\" target=\"_blank\" rel=\"noreferrer noopener\">Visa vi\u1ec7c l\u00e0m v\u00e0 \u0111\u1ecbnh c\u01b0 di\u1ec7n tay ngh\u1ec1 (Skilled Worker)<\/a><\/li>\n\n\n\n<li><a href=\"https:\/\/viettradecompass.com\/index.php\/visa-dinh-cu-uc-dien-viec-lam-va-dien-tay-nghe-skilled-worker\/\" target=\"_blank\" rel=\"noreferrer noopener\">Visa di\u1ec7n B\u1ea3o l\u00e3nh v\u00e0 \u0111\u1ecbnh c\u01b0 l\u00e0m vi\u1ec7c sau th\u1eddi gian Du h\u1ecdc<\/a><\/li>\n<\/ul>\n\n\n\n<p>&gt;&gt;<\/p>\n\n\n\n<p class=\"has-text-color has-link-color wp-elements-f50a9ec95c2d79cd05257c0216ab7b45\" style=\"color:#626262\">B\u00ean c\u1ea1nh kinh nghi\u1ec7m h\u01a1n 10 n\u0103m c\u00f4ng t\u00e1c t\u1ea1i T\u1ed5ng L\u00e3nh S\u1ef1 Qu\u00e1n \u00dac, .<\/p>\n\n\n\n<p>T\u00ecm hi\u1ec3u v\u00e0 trao \u0111\u1ed5i th\u00eam th\u00f4ng tin vui l\u00f2ng li\u00ean l\u1ec7 v\u1edbi ch\u00fang t\u00f4i qua email:&nbsp;<a href=\"mailto:info@viettradecompass.com\">info@viettradecompass.com<\/a><\/p>\n","protected":false},"excerpt":{"rendered":"<p>\u0110\u1ea6U T\u01af \u0110\u1ecaNH C\u01af V\u00c0 DI TR\u00da CANADA Canada \u0111\u01b0\u1ee3c xem l\u00e0 m\u1ed9t trong nh\u1eefngqu\u1ed1c&#8230;<\/p>\n","protected":false},"author":1,"featured_media":502,"parent":0,"menu_order":0,"comment_status":"closed","ping_status":"closed","template":"","meta":{"footnotes":""},"lang":"vi","translations":{"vi":493,"en":496},"pll_sync_post":[],"_links":{"self":[{"href":"http:\/\/viettradecompass.com\/index.php\/wp-json\/wp\/v2\/pages\/493"}],"collection":[{"href":"http:\/\/viettradecompass.com\/index.php\/wp-json\/wp\/v2\/pages"}],"about":[{"href":"http:\/\/viettradecompass.com\/index.php\/wp-json\/wp\/v2\/types\/page"}],"author":[{"embeddable":true,"href":"http:\/\/viettradecompass.com\/index.php\/wp-json\/wp\/v2\/users\/1"}],"replies":[{"embeddable":true,"href":"http:\/\/viettradecompass.com\/index.php\/wp-json\/wp\/v2\/comments?post=493"}],"version-history":[{"count":43,"href":"http:\/\/viettradecompass.com\/index.php\/wp-json\/wp\/v2\/pages\/493\/revisions"}],"predecessor-version":[{"id":743,"href":"http:\/\/viettradecompass.com\/index.php\/wp-json\/wp\/v2\/pages\/493\/revisions\/743"}],"wp:featuredmedia":[{"embeddable":true,"href":"http:\/\/viettradecompass.com\/index.php\/wp-json\/wp\/v2\/media\/502"}],"wp:attachment":[{"href":"http:\/\/viettradecompass.com\/index.php\/wp-json\/wp\/v2\/media?parent=493"}],"curies":[{"name":"wp","href":"https:\/\/api.w.org\/{rel}","templated":true}]}}