{"id":513,"date":"2022-09-05T15:36:16","date_gmt":"2022-09-05T15:36:16","guid":{"rendered":"http:\/\/viettradecompass.com\/?page_id=513"},"modified":"2022-10-04T15:34:36","modified_gmt":"2022-10-04T15:34:36","slug":"chuong-trinh-suv-start-up-visa","status":"publish","type":"page","link":"http:\/\/viettradecompass.com\/index.php\/vi\/tu-van-dau-tu-dinh-cu\/chuong-trinh-suv-start-up-visa\/","title":{"rendered":"Ch\u01b0\u01a1ng tr\u00ecnh Doanh nh\u00e2n &#8211; \u0110\u1ea7u t\u01b0 Li\u00ean Bang Canada (Federal Business Entrepreneur):"},"content":{"rendered":"\n<p style=\"font-size:32px\"><strong>Ch\u01b0\u01a1ng tr\u00ecnh SUV &#8211; Start up Visa Canada<\/strong><\/p>\n\n\n\n<p style=\"font-size:18px\"><strong>Ch\u01b0\u01a1ng tr\u00ecnh l\u1ea5y PR tr\u1ef1c ti\u1ebfp t\u1eeb Vi\u1ec7t Nam d\u00e0nh cho \u0111\u1ed1i t\u01b0\u1ee3ng doanh nh\u00e2n \/ kh\u1edfi nghi\u1ec7p<\/strong><\/p>\n\n\n\n<p><\/p>\n\n\n\n<p>Trong k\u1ebf ho\u1ea1ch c\u1ee7a ch\u00ednh ph\u1ee7 Canada nh\u1eb1m \u0111\u01b0a Canada tr\u1edf th\u00e0nh m\u1ed9t trung t\u00e2m c\u00f4ng ngh\u1ec7 c\u1ee7a B\u1eafc M\u1ef9 v\u00e0 th\u1ebf gi\u1edbi, ch\u00ednh ph\u1ee7 \u0111\u00e3 \u0111\u01b0a ra ch\u01b0\u01a1ng tr\u00ecnh \u0111\u1ecbnh c\u01b0 Start-up visa&nbsp; (SUV) nh\u1eb1m thu h\u00fat nh\u1eefng ng\u01b0\u1eddi c\u00f3 \u00fd t\u01b0\u1edfng kinh doanh s\u00e1ng t\u1ea1o \u0111\u1ebfn th\u00e0nh l\u1eadp v\u00e0 ph\u00e1t tri\u1ec3n \u00fd t\u01b0\u1edfng t\u1ea1i Canada. Nh\u00e0 \u0111\u1ea7u t\u01b0 c\u00f3 th\u1ec3 th\u00e0nh l\u1eadp doanh nghi\u1ec7p t\u1ea1i b\u1ea5t c\u1ee9 \u0111\u00e2u \u1edf Canada.<\/p>\n\n\n\n<p>\u0110\u1ec3 tham gia ch\u01b0\u01a1ng tr\u00ecnh, \u0111\u01b0\u01a1ng \u0111\u01a1n c\u1ea7n ph\u1ea3i c\u00f3 \u00fd t\u01b0\u1edfng kh\u1edfi nghi\u1ec7p \u0111\u01b0\u1ee3c duy\u1ec7t v\u00e0 \u0111\u1ed3ng \u00fd \u0111\u1ea7u t\u01b0 b\u1edfi m\u1ed9t trong c\u00e1c t\u1ed5 ch\u1ee9c h\u1ed7 tr\u1ee3 t\u00e0i ch\u00ednh Canada \u0111\u01b0\u1ee3c ch\u00ednh ph\u1ee7 Canada c\u00f4ng nh\u1eadn, bao g\u1ed3m: Qu\u1ef9 \u0111\u1ea7u t\u01b0 m\u1ea1o hi\u1ec3m (Venture Capital Fund), ho\u1eb7c Qu\u1ef9 \u0111\u1ea7u t\u01b0 thi\u00ean th\u1ea7n (Angel Investors), ho\u1eb7c Qu\u1ef9 v\u01b0\u1eddn \u01b0\u01a1m kh\u1edfi nghi\u1ec7p (Business Incubator).<\/p>\n\n\n\n<p><strong>\u01afu \u0111i\u1ec3m ch\u01b0\u01a1ng tr\u00ecnh:<\/strong><\/p>\n\n\n\n<ul><li>Start-up visa (SUV) l\u00e0 ch\u01b0\u01a1ng tr\u00ecnh PR tr\u1ef1c ti\u1ebfp c\u1ee7a Ch\u00ednh ph\u1ee7 Canada, nh\u1eadn th\u1ebb th\u01b0\u1eddng tr\u00fa nh\u00e2n (PR) cho c\u1ea3 gia \u0111\u00ecnh ngay t\u1ea1i Vi\u1ec7t Nam tr\u01b0\u1edbc khi sang Canada.<\/li><li>C\u00f3 th\u1eddi gian x\u1eed l\u00ed h\u1ed3 s\u01a1 ng\u1eafn (hi\u1ec7n 12-18 th\u00e1ng).&nbsp;<\/li><li>Kh\u00f4ng ph\u1ea3i ch\u1ee9ng minh t\u00e0i ch\u00ednh<\/li><li>Kh\u00f4ng y\u00eau c\u1ea7u m\u1ee9c \u0111\u1ea7u t\u01b0 t\u1ed1i thi\u1ec3u<\/li><li>C\u00f3 th\u1ec3 th\u1ef1c hi\u1ec7n b\u1ea5t k\u00ec n\u01a1i n\u00e0o \u1edf Canada<\/li><li>C\u00f3 th\u1ec3 th\u00e0nh l\u1eadp nh\u00f3m 3-5 ng\u01b0\u1eddi gi\u1ea3m thi\u1ec3u r\u1ee7i ro v\u00e0 ph\u00e1t tri\u1ec3n ngu\u1ed3n nh\u00e2n l\u1ef1c c\u1ee7a d\u1ef1&nbsp; \u00e1n<\/li><li>S\u1ef1 th\u00e0nh c\u00f4ng hay th\u1ea5t b\u1ea1i c\u1ee7a d\u1ef1 \u00e1n kh\u00f4ng \u1ea3nh h\u01b0\u1edfng \u0111\u1ebfn th\u01b0\u1eddng tr\u00fa nh\u00e2n \u0111\u00e3 \u0111\u01b0\u1ee3c c\u1ea5p<\/li><\/ul>\n\n\n\n<p><\/p>\n\n\n\n<p><strong>\u0110i\u1ec1u ki\u1ec7n tham gia:<\/strong> <\/p>\n\n\n\n<ul><li>IELTS (GT) 5.0 (T\u1ed1i thi\u1ec3u 4.0 cho Reading; 5.0 cho t\u1ea5t c\u1ea3 c\u00e1c m\u00f4n c\u00f2n l\u1ea1i)<\/li><li>Kh\u00f4ng c\u1ea7n ch\u1ee9ng minh kinh nghi\u1ec7m qu\u1ea3n l\u00ed doanh nghi\u1ec7p<\/li><li>Kh\u00f4ng c\u1ea7n ch\u1ee9ng minh t\u00e0i s\u1ea3n t\u1ed1i thi\u1ec3u.<\/li><li>C\u1ea7n&nbsp;<strong>Letter of Support t\u1eeb m\u1ed9t Designated Organization<\/strong>, T\u1ed5 ch\u1ee9c h\u1ed7 tr\u1ee3 t\u00e0i ch\u00ednh c\u1ee7a Canada \u0111\u01b0\u1ee3c Ch\u00ednh ph\u1ee7 Canada c\u00f4ng nh\u1eadn.<\/li><\/ul>\n\n\n\n<p><em>Link<\/em>:&nbsp;<a rel=\"noreferrer noopener\" href=\"https:\/\/www.canada.ca\/en\/immigration-refugees-citizenship\/services\/immigrate-canada\/start-visa\/eligibility.html\" target=\"_blank\">https:\/\/www.canada.ca\/en\/immigration-refugees-citizenship\/services\/immigrate-canada\/start-visa\/eligibility.html<\/a><br><\/p>\n\n\n\n<p>M\u1ed7i d\u1ef1 \u00e1n&nbsp;<strong><u>ch\u1ec9<\/u><\/strong>&nbsp;ch\u1ea5p nh\u1eadn t\u1ed1i \u0111a 5 \u1ee9ng vi\u00ean \/ b\u1ed9 h\u1ed3 s\u01a1; v\u00e0 s\u1ebd ph\u1ea3i gi\u1ea3i th\u00edch t\u00ednh h\u1ee3p l\u00ed c\u1ee7a vi\u1ec7c tham gia c\u1ee7a t\u1eebng ng\u01b0\u1eddi, m\u1ee9c \u0111\u1ed9 t\u01b0\u01a1ng t\u00e1c\/ gi\u00fap \u0111\u1ee1 nhau nh\u01b0 th\u1ebf n\u00e0o, \u0111\u1ec3 d\u1ef1 \u00e1n SUV s\u1ebd ph\u00e1t tri\u1ec3n t\u1ed1t t\u1ea1i Canada.&nbsp;<\/p>\n\n\n\n<p><\/p>\n\n\n\n<p><strong>Y\u00eau c\u1ea7u \u0111\u1ea7u t\u01b0:<\/strong><\/p>\n\n\n\n<p>\u0110\u1ea7u t\u01b0 v\u00e0o d\u1ef1 \u00e1n SUV: 250,000 CAD \/ m\u1ed9t h\u1ed3 s\u01a1 (\u0110\u01b0\u01a1ng \u0111\u01a1n v\u00e0 gia \u0111\u00ecnh, trong \u0111\u00f3 con ph\u1ee5 thu\u1ed9c d\u01b0\u1edbi 22 tu\u1ed5i).<\/p>\n\n\n\n<p><\/p>\n\n\n\n<p style=\"font-size:32px\"><strong><strong>Ch\u01b0\u01a1ng Tr\u00ecnh CPTPP \u2013 T50<\/strong><\/strong><\/p>\n\n\n\n<p>Hi\u1ec7p \u0111\u1ecbnh \u0110\u1ed1i t\u00e1c To\u00e0n di\u1ec7n v\u00e0 Ti\u1ebfn b\u1ed9 xuy\u00ean Th\u00e1i B\u00ecnh D\u01b0\u01a1ng (CPTPP) k\u00fd k\u1ebft n\u0103m 2018 m\u1edf ra c\u01a1 h\u1ed9i \u0111\u1ea7u t\u01b0 \u0111\u1ea7y ti\u1ec1m n\u0103ng cho nh\u00e0 \u0111\u1ea7u t\u01b0 Vi\u1ec7t Nam v\u00e0o Canada. Theo cam k\u1ebft c\u1ee7a CPTPP, k\u1ec3 t\u1eeb n\u0103m 2019, ch\u00ednh ph\u1ee7 Canada \u0111\u00e3 c\u1ea5p gi\u1ea5y ph\u00e9p lao \u0111\u1ed9ng cho c\u00f4ng d\u00e2n Vi\u1ec7t Nam theo di\u1ec7n \u0111\u1ea7u t\u01b0.<\/p>\n\n\n\n<p>Hi\u1ec7p \u0111\u1ecbnh n\u00e0y cho ph\u00e9p c\u00f4ng d\u00e2n qu\u1ed1c t\u1ecbch Vi\u1ec7t Nam v\u00e0 v\u1ee3\/ch\u1ed3ng\/con c\u00e1i l\u1ea5y visa 1 n\u0103m&nbsp; v\u00e0o Canada v\u1edbi m\u1ee5c \u0111\u00edch \u0111\u1ea7u t\u01b0 m\u1edbi ho\u1eb7c mua l\u1ea1i c\u01a1 s\u1edf doanh nghi\u1ec7p \u1edf Canada nh\u1eb1m&nbsp; \u0111em l\u1ea1i l\u1ee3i \u00edch kinh t\u1ebf cho c\u00e1c b\u00ean. Hi\u1ec7u l\u1ef1c c\u1ee7a visa c\u00f3 th\u1ec3 gia h\u1ea1n sau 1 n\u0103m t\u00f9y v\u00e0o&nbsp; hi\u1ec7u qu\u1ea3 ho\u1ea1t \u0111\u1ed9ng kinh doanh c\u1ee7a doanh nghi\u1ec7p. CPTPP t\u1ea1o \u0111i\u1ec1u ki\u1ec7n cho c\u00e1c nh\u00e0 \u0111\u1ea7u t\u01b0 ra v\u00e0o Canada d\u1ec5 d\u00e0ng.<\/p>\n\n\n\n<p><strong>L\u1ee3i \u00edch n\u1ed5i tr\u1ed9i<\/strong><\/p>\n\n\n\n<ul><li>Kh\u00f4ng c\u1ea7n ph\u1ea3i xin gi\u1ea5y ph\u00e9p thu\u00ea lao \u0111\u1ed9ng n\u01b0\u1edbc ngo\u00e0i LMIA.<\/li><li>Kh\u00f4ng y\u00eau c\u1ea7u t\u00e0i s\u1ea3n r\u00f2ng c\u1ee7a nh\u00e0 \u0111\u1ea7u t\u01b0, kh\u00f4ng y\u00eau c\u1ea7u \u0111\u1ea7u t\u01b0 t\u1ed1i thi\u1ec3u t\u1ea1i Canada.<\/li><li>Kh\u00f4ng b\u1ecb gi\u1edbi h\u1ea1n v\u1ec1 khu v\u1ef1c \u0111\u1eb7t doanh nghi\u1ec7p v\u00e0 sinh s\u1ed1ng t\u1ea1i Canada.<\/li><li>Con nh\u00e0 \u0111\u1ea7u t\u01b0 d\u01b0\u1edbi 22 tu\u1ed5i \u0111\u1ebfn Canada \u0111\u01b0\u1ee3c h\u1ecdc mi\u1ec5n ph\u00ed b\u1eadc h\u1ecdc ph\u1ed5 th\u00f4ng t\u1ea1i c\u00e1c tr\u01b0\u1eddng c\u00f4ng l\u1eadp.<\/li><li>Sau 1 n\u0103m l\u00e0m vi\u1ec7c t\u1ea1i Canada, nh\u00e0 \u0111\u1ea7u t\u01b0 c\u00f3 nhi\u1ec1u c\u01a1 h\u1ed9i \u0111\u1ec3 chuy\u1ec3n ti\u1ebfp sang c\u00e1c ch\u01b0\u01a1ng tr\u00ecnh \u0111\u1ecbnh c\u01b0 l\u1ea5y PR nh\u01b0: Canadian Experience Class (Express Entry), ch\u01b0\u01a1ng tr\u00ecnh \u0111\u1ec1 c\u1eed t\u1ec9nh bang doanh nh\u00e2n\u2026<\/li><\/ul>\n\n\n\n<p><strong>\u1ee8ng Vi\u00ean Ph\u00f9 H\u1ee3p Ch\u01b0\u01a1ng Tr\u00ecnh CPTPP \u2013 T50<\/strong><\/p>\n\n\n\n<ul><li>C\u00f3 kinh nghi\u1ec7m qu\u1ea3n l\u00fd c\u1ea5p cao ho\u1eb7c qu\u1ea3n l\u00fd doanh nghi\u1ec7p.<\/li><li>S\u1edf h\u1eefu ph\u1ea7n l\u1edbn c\u1ed5 ph\u1ea7n ho\u1eb7c c\u00f3 quy\u1ec1n quy\u1ebft \u0111\u1ecbnh v\u1edbi doanh nghi\u1ec7p Canada.<\/li><li>\u0110\u1ea7u t\u01b0 ngu\u1ed3n v\u1ed1n \u0111\u1ee7 l\u1edbn \u0111\u1ec3 mang l\u1ea1i l\u1ee3i \u00edch kinh t\u1ebf cho Canada.<\/li><\/ul>\n\n\n\n<p><\/p>\n\n\n\n<p><span class=\"has-inline-color has-blue-color\">&gt;&gt;<\/span><\/p>\n\n\n\n<p>B\u00ean c\u1ea1nh kinh nghi\u1ec7m h\u01a1n 10 n\u0103m c\u00f4ng t\u00e1c t\u1ea1i T\u1ed5ng L\u00e3nh S\u1ef1 Qu\u00e1n \u00dac, ch\u00fang t\u00f4i \u0111\u1ed3ng th\u1eddi l\u00e0m vi\u1ec7c v\u1edbi c\u00e1c Chuy\u00ean Gia T\u01b0 V\u1ea5n Di Tr\u00fa Canada H\u1ee3p Ph\u00e1p (Regulated Canadian Immigration Consultant \u2013 RCIC) gi\u00e0u kinh nghi\u1ec7m v\u00e0 t\u1eadn t\u00e2m nh\u1eb1m mang \u0111\u1ebfn ch\u1ea5t l\u01b0\u1ee3ng ph\u1ee5c v\u1ee5 v\u00e0 hi\u1ec7u qu\u1ea3 c\u00f4ng vi\u1ec7c t\u1ed1t nh\u1ea5t.<\/p>\n\n\n\n<p>T\u00ecm hi\u1ec3u v\u00e0 trao \u0111\u1ed5i th\u00eam th\u00f4ng tin vui l\u00f2ng li\u00ean l\u1ec7 v\u1edbi ch\u00fang t\u00f4i qua email: <a href=\"mailto:info@viettradecompass.com\">info@viettradecompass.com<\/a><\/p>\n","protected":false},"excerpt":{"rendered":"<p>Ch\u01b0\u01a1ng tr\u00ecnh SUV &#8211; Start up Visa Canada Ch\u01b0\u01a1ng tr\u00ecnh l\u1ea5y PR tr\u1ef1c ti\u1ebfp t\u1eeb&#8230;<\/p>\n","protected":false},"author":1,"featured_media":0,"parent":493,"menu_order":1,"comment_status":"closed","ping_status":"closed","template":"","meta":{"footnotes":""},"lang":"vi","translations":{"vi":513},"pll_sync_post":[],"_links":{"self":[{"href":"http:\/\/viettradecompass.com\/index.php\/wp-json\/wp\/v2\/pages\/513"}],"collection":[{"href":"http:\/\/viettradecompass.com\/index.php\/wp-json\/wp\/v2\/pages"}],"about":[{"href":"http:\/\/viettradecompass.com\/index.php\/wp-json\/wp\/v2\/types\/page"}],"author":[{"embeddable":true,"href":"http:\/\/viettradecompass.com\/index.php\/wp-json\/wp\/v2\/users\/1"}],"replies":[{"embeddable":true,"href":"http:\/\/viettradecompass.com\/index.php\/wp-json\/wp\/v2\/comments?post=513"}],"version-history":[{"count":42,"href":"http:\/\/viettradecompass.com\/index.php\/wp-json\/wp\/v2\/pages\/513\/revisions"}],"predecessor-version":[{"id":675,"href":"http:\/\/viettradecompass.com\/index.php\/wp-json\/wp\/v2\/pages\/513\/revisions\/675"}],"up":[{"embeddable":true,"href":"http:\/\/viettradecompass.com\/index.php\/wp-json\/wp\/v2\/pages\/493"}],"wp:attachment":[{"href":"http:\/\/viettradecompass.com\/index.php\/wp-json\/wp\/v2\/media?parent=513"}],"curies":[{"name":"wp","href":"https:\/\/api.w.org\/{rel}","templated":true}]}}