{"id":534,"date":"2022-09-05T16:18:26","date_gmt":"2022-09-05T16:18:26","guid":{"rendered":"http:\/\/viettradecompass.com\/?page_id=534"},"modified":"2022-10-04T15:37:27","modified_gmt":"2022-10-04T15:37:27","slug":"chuong-trinh-doanh-nhan-dau-tu-tinh-bang-pnp","status":"publish","type":"page","link":"http:\/\/viettradecompass.com\/index.php\/chuong-trinh-doanh-nhan-dau-tu-tinh-bang-pnp\/","title":{"rendered":"Ch\u01b0\u01a1ng tr\u00ecnh Doanh nh\u00e2n \u2013 \u0110\u1ea7u t\u01b0 T\u1ec9nh Bang Canada (Provincial Business Entrepreneur)"},"content":{"rendered":"\n<p><strong>Ch\u01b0\u01a1ng tr\u00ecnh Doanh nh\u00e2n \u2013 \u0110\u1ea7u t\u01b0 T\u1ec9nh Bang (<strong>Provincial Business Entrepreneur<\/strong>)<\/strong>: M\u1ed7i t\u1ec9nh bang s\u1ebd c\u00f3 ch\u01b0\u01a1ng tr\u00ecnh ri\u00eang v\u1edbi y\u00eau c\u1ea7u v\u00e0 \u01b0u \u0111\u00e3i ri\u00eang. Do \u0111\u00f3, khi quy\u1ebft \u0111\u1ecbnh \u0111\u1ecbnh c\u01b0 \u1edf b\u1ea5t c\u1ee9 T\u1ec9nh Bang n\u00e0o, \u0111\u01b0\u01a1ng \u0111\u01a1n c\u0169ng n\u00ean t\u00ecm hi\u1ec3u k\u1ef9 \u0111\u1ec3 c\u00f3 s\u1ef1 chu\u1ea9n b\u1ecb t\u1ed1t nh\u1ea5t.<\/p>\n\n\n\n<p>C\u00e1c ch\u01b0\u01a1ng tr\u00ecnh \u0111\u1ecbnh c\u01b0 di\u1ec7n Doanh nh\u00e2n T\u1ec9nh Bang (Provincial Nominee Programs \u2013 PNP) bao g\u1ed3m:&nbsp;&nbsp;<\/p>\n\n\n\n<ul><li>Ontario (OINP)<\/li><li>Saskatchewan (SINP)<\/li><li>British Columbia (BCPNP)<\/li><li>Alberta (ANIP)<\/li><li>Manitoba (MPNP)<\/li><li>New Brunswick (NBPNP)<\/li><li>Newfoundland and Labrador (NLPNP)<\/li><li>Nova Scotia (NSNP)<\/li><li>Prince Edward Island (PEIPNP)&nbsp;<\/li><li>Northwest Territories (NTNP)<\/li><li>&nbsp;Yukon (YNP)<\/li><\/ul>\n\n\n\n<p><\/p>\n\n\n\n<p style=\"font-size:32px\"><strong>C\u00e1c ch\u01b0\u01a1ng tr\u00ecnh \u0111\u1ea7u t\u01b0 t\u1ec9nh bang n\u1ed5i b\u1eadt:<\/strong><\/p>\n\n\n\n<p>\u0110\u1ed1i t\u01b0\u1ee3ng h\u01b0\u1edbng \u0111\u1ebfn l\u00e0 ch\u1ee7 doanh nghi\u1ec7p ho\u1eb7c qu\u1ea3n l\u00fd c\u1ea5p cao s\u1ebd th\u00e0nh l\u1eadp \/ mua l\u1ea1i v\u00e0 v\u1eadn h\u00e0nh doanh nghi\u1ec7p \u1edf Canada.<\/p>\n\n\n\n<p style=\"font-size:18px\"><strong>Ch\u01b0\u01a1ng tr\u00ecnh \u0111\u1ea7u t\u01b0 t\u1ec9nh bang SASKATCHEWAN<\/strong><\/p>\n\n\n\n<ul><li><strong>M\u1ee9c \u0111\u1ea7u t\u01b0: <\/strong>T\u1eeb 3,4 t\u1ef7 \u0111\u1ed3ng (200.000CAD)<\/li><li><strong>Th\u1eddi gian x\u00e9t duy\u1ec7t h\u1ed3 s\u01a1: <\/strong>12 \u2013 15 th\u00e1ng<\/li><li><strong>H\u00ecnh th\u1ee9c \u0111\u1ea7u t\u01b0<\/strong><ul><li>Ch\u1ee7 doanh nghi\u1ec7p ho\u1eb7c qu\u1ea3n l\u00fd c\u1ea5p cao c\u00f3 kinh nghi\u1ec7m qu\u1ea3n l\u00fd doanh nghi\u1ec7p th\u00e0nh c\u00f4ng t\u1ed1i thi\u1ec3u 3 n\u0103m trong v\u00f2ng 10 n\u0103m g\u1ea7n nh\u1ea5t (\u01afu ti\u00ean ch\u1ee7 doanh nghi\u1ec7p)<\/li><li>T\u1ed5ng gi\u00e1 tr\u1ecb t\u00e0i s\u1ea3n t\u1ed1i thi\u1ec3u 500.000 CAD (8,5 t\u1ef7 \u0111\u1ed3ng)<\/li><li>Th\u1ecfa \u0111i\u1ec1u ki\u1ec7n v\u1ec1 l\u00fd l\u1ecbch an ninh v\u00e0 s\u1ee9c kh\u1ecfe.<\/li><\/ul><\/li><li><strong>Y\u00eau c\u1ea7u \u0111\u1ea7u t\u01b0<\/strong><ul><li>\u0110\u1ea7u t\u01b0 v\u00e0o doanh nghi\u1ec7p t\u1ed1i thi\u1ec3u 300.000CAD (5,1 t\u1ef7 \u0111\u1ed3ng) \u1edf Regina v\u00e0 Saskatoon, ho\u1eb7c 200.000CAD (3,4 t\u1ef7 \u0111\u1ed3ng) \u1edf ngo\u00e0i khu v\u1ef1c trung t\u00e2m<\/li><li>K\u1ebf ho\u1ea1ch kinh doanh c\u00f3 t\u00ednh kh\u1ea3 thi v\u00e0 mang l\u1ea1i l\u1ee3i \u00edch kinh t\u1ebf cho t\u1ec9nh bang<\/li><li>V\u1eadn h\u00e0nh doanh nghi\u1ec7p v\u00e0 t\u1ea1o ra ho\u1eb7c duy tr\u00ec \u00edt nh\u1ea5t 2 vi\u1ec7c l\u00e0m cho ng\u01b0\u1eddi d\u00e2n Canada (N\u1ebfu \u0111\u1ea7u t\u01b0 \u1edf Regina v\u00e0 Saskatoon).<\/li><\/ul><\/li><\/ul>\n\n\n\n<p><\/p>\n\n\n\n<p style=\"font-size:18px\"><strong>Ch\u01b0\u01a1ng tr\u00ecnh \u0111\u1ea7u t\u01b0 t\u1ec9nh bang BRITISH COLUMBIA<\/strong><\/p>\n\n\n\n<ul><li><strong>M\u1ee9c \u0111\u1ea7u t\u01b0: <\/strong>T\u1eeb 3,4 t\u1ef7 \u0111\u1ed3ng (200.000CAD)<\/li><li><strong>Th\u1eddi gian x\u00e9t duy\u1ec7t h\u1ed3 s\u01a1: <\/strong>12 \u2013 15 th\u00e1ng<\/li><li><strong>H\u00ecnh th\u1ee9c \u0111\u1ea7u t\u01b0<\/strong><ul><li>Ch\u1ee7 doanh nghi\u1ec7p c\u00f3 kinh nghi\u1ec7m t\u1ed1i thi\u1ec3u 3 n\u0103m (s\u1edf h\u1eefu t\u1ed1i thi\u1ec3u 10% c\u1ee7a doanh nghi\u1ec7p) trong v\u00f2ng 10 n\u0103m g\u1ea7n nh\u1ea5t ho\u1eb7c gi\u1eef v\u1ecb tr\u00ed Qu\u1ea3n l\u00fd c\u1ea5p cao c\u00f3 kinh nghi\u1ec7m qu\u1ea3n l\u00fd t\u1ed1i thi\u1ec3u 4 n\u0103m trong v\u00f2ng 10 n\u0103m g\u1ea7n nh\u1ea5t;<\/li><li>T\u1ed5ng t\u00e0i s\u1ea3n t\u1ed1i thi\u1ec3u 600.000CAD (10,2 t\u1ef7 \u0111\u1ed3ng)<\/li><li>Tr\u00ecnh \u0111\u1ed9 h\u1ecdc v\u1ea5n t\u1ed1i thi\u1ec3u h\u1ec7 1 n\u0103m sau khi t\u1ed1t nghi\u1ec7p THPT<\/li><li>Th\u1ecfa \u0111i\u1ec1u ki\u1ec7n v\u1ec1 l\u00fd l\u1ecbch an ninh v\u00e0 s\u1ee9c kh\u1ecfe<\/li><\/ul><\/li><li><strong>Y\u00eau c\u1ea7u \u0111\u1ea7u t\u01b0<\/strong><ul><li>\u0110\u1ea7u t\u01b0 v\u00e0o doanh nghi\u1ec7p t\u1ed1i thi\u1ec3u 200.000CAD (3,4 t\u1ef7 \u0111\u1ed3ng)<\/li><li>K\u1ebf ho\u1ea1ch kinh doanh c\u00f3 t\u00ednh kh\u1ea3 thi v\u00e0 mang l\u1ea1i l\u1ee3i \u00edch cho t\u1ec9nh bang<\/li><li>V\u1eadn h\u00e0nh doanh nghi\u1ec7p v\u00e0 t\u1ea1o ra \u00edt nh\u1ea5t 1 vi\u1ec7c l\u00e0m cho ng\u01b0\u1eddi d\u00e2n Canada trong v\u00f2ng t\u1ed1i thi\u1ec3u 18 th\u00e1ng<\/li><\/ul><\/li><\/ul>\n\n\n\n<p><\/p>\n\n\n\n<p style=\"font-size:18px\"><strong>Ch\u01b0\u01a1ng tr\u00ecnh \u0111\u1ea7u t\u01b0 t\u1ec9nh bang MANITOBA<\/strong><\/p>\n\n\n\n<ul><li><strong>M\u1ee9c \u0111\u1ea7u t\u01b0: <\/strong>T\u1eeb 2,6 t\u1ef7 \u0111\u1ed3ng (150.000CAD)<\/li><li><strong>Th\u1eddi gian x\u00e9t duy\u1ec7t h\u1ed3 s\u01a1: <\/strong>12 \u2013 15 th\u00e1ng<\/li><li><strong>H\u00ecnh th\u1ee9c \u0111\u1ea7u t\u01b0<\/strong><ul><li>Ch\u1ee7 doanh nghi\u1ec7p ho\u1eb7c qu\u1ea3n l\u00fd c\u1ea5p cao c\u00f3 kinh nghi\u1ec7m qu\u1ea3n l\u00fd doanh nghi\u1ec7p th\u00e0nh c\u00f4ng t\u1ed1i thi\u1ec3u 3 n\u0103m trong v\u00f2ng 5 n\u0103m g\u1ea7n nh\u1ea5t (\u01afu ti\u00ean ch\u1ee7 doanh nghi\u1ec7p)<\/li><li>T\u1ed5ng gi\u00e1 tr\u1ecb t\u00e0i s\u1ea3n t\u1ed1i thi\u1ec3u 500.000CAD (8,5 t\u1ef7 \u0111\u1ed3ng)<\/li><li>T\u1ed1t nghi\u1ec7p THPT<\/li><li>Ti\u1ebfng Anh t\u01b0\u01a1ng \u0111\u01b0\u01a1ng IELTS 5.0 (General)<\/li><li>Th\u1ecfa \u0111i\u1ec1u ki\u1ec7n v\u1ec1 l\u00fd l\u1ecbch an ninh v\u00e0 s\u1ee9c kh\u1ecfe.<\/li><\/ul><\/li><li><strong>Y\u00eau c\u1ea7u \u0111\u1ea7u t\u01b0<\/strong><ul><li>\u0110\u1ea7u t\u01b0 v\u00e0o doanh nghi\u1ec7p t\u1ed1i thi\u1ec3u 250.000CAD (4,3 t\u1ef7 \u0111\u1ed3ng) \u1edf khu v\u1ef1c trung t\u00e2m Manitoba, ho\u1eb7c 150.000CAD (2,6 t\u1ef7 \u0111\u1ed3ng) \u1edf ngo\u00e0i khu v\u1ef1c trung t\u00e2m<\/li><li>K\u1ebf ho\u1ea1ch kinh doanh c\u00f3 t\u00ednh kh\u1ea3 thi v\u00e0 mang l\u1ea1i l\u1ee3i \u00edch kinh t\u1ebf cho t\u1ec9nh bang<\/li><li>V\u1eadn h\u00e0nh doanh nghi\u1ec7p v\u00e0 t\u1ea1o ra ho\u1eb7c duy tr\u00ec \u00edt nh\u1ea5t 1 vi\u1ec7c l\u00e0m cho ng\u01b0\u1eddi d\u00e2n Canada.<\/li><\/ul><\/li><\/ul>\n\n\n\n<p><\/p>\n\n\n\n<p style=\"font-size:18px\"><strong>Ch\u01b0\u01a1ng tr\u00ecnh \u0111\u1ea7u t\u01b0 t\u1ec9nh bang PRINCE EDWARD ISLAND<\/strong><\/p>\n\n\n\n<ul><li><strong>M\u1ee9c \u0111\u1ea7u t\u01b0: <\/strong>T\u1eeb 2,6 t\u1ef7 \u0111\u1ed3ng (150.000CAD)<\/li><li><strong>Th\u1eddi gian x\u00e9t duy\u1ec7t h\u1ed3 s\u01a1: <\/strong>12 \u2013 15 th\u00e1ng<\/li><li><strong>H\u00ecnh th\u1ee9c \u0111\u1ea7u t\u01b0<\/strong><ul><li>C\u00f3 \u00fd \u0111\u1ecbnh sinh s\u1ed1ng v\u00e0 qu\u1ea3n l\u00fd, \u0111\u1ea7u t\u01b0 ho\u1eb7c l\u00e0m ch\u1ee7 doanh nghi\u1ec7p t\u1ea1i PEI;<\/li><li>Ch\u1ee9ng minh s\u1edf h\u1eefu t\u00e0i s\u1ea3n $600,000 CAD (ch\u1ea5p nh\u1eadn c\u1ed9ng g\u1ed9p t\u00e0i s\u1ea3n c\u1ee7a \u1ee9ng vi\u00ean v\u00e0 v\u1ee3\/ch\u1ed3ng);<\/li><li>C\u00f3 kinh nghi\u1ec7m qu\u1ea3n l\u00fd ho\u1eb7c l\u00e0m ch\u1ee7 doanh nghi\u1ec7p \u00edt nh\u1ea5t 3 n\u0103m, trong v\u00f2ng 5 n\u0103m g\u1ea7n nh\u1ea5t:<ul><li>Ch\u1ee7 doanh nghi\u1ec7p: S\u1edf h\u1eefu \u00edt nh\u1ea5t 20% v\u1ed1n doanh nghi\u1ec7p v\u00e0 tham gia qu\u1ea3n l\u00fd ho\u1ea1t \u0111\u1ed9ng doanh nghi\u1ec7p (ch\u1ea5p nh\u1eadn c\u1ed9ng g\u1ed9p % c\u1ee7a \u1ee9ng vi\u00ean v\u00e0 v\u1ee3\/ch\u1ed3ng); Ho\u1eb7c<\/li><li>Kinh nghi\u1ec7m qu\u1ea3n l\u00fd: \u0110\u01b0\u01a1ng \u0111\u01a1n ph\u1ea3i qu\u1ea3n l\u00fd tr\u1ef1c ti\u1ebfp \u00edt nh\u1ea5t 3 nh\u00e2n vi\u00ean.<\/li><\/ul><\/li><li>Y\u00eau c\u1ea7u Ti\u1ebfng Anh\/Ti\u1ebfngPh\u00e1p t\u1ed1i thi\u1ec3u CLB 4 (t\u01b0\u01a1ng \u0111\u01b0\u01a1ng IELTS 4.0);<\/li><li>\u0110\u1ed9 tu\u1ed5i t\u1eeb 18 \u2013 59 tu\u1ed5i;<\/li><li>T\u1ed1t nghi\u1ec7p THPT.<\/li><\/ul><\/li><li><strong>Y\u00eau c\u1ea7u \u0111\u1ea7u t\u01b0<\/strong><ul><li>\u0110\u1ea7u t\u01b0 t\u1ed1i thi\u1ec3u 150.000CAD (2,6 t\u1ef7 \u0111\u1ed3ng)<\/li><li>K\u1ebf ho\u1ea1ch kinh doanh c\u00f3 t\u00ednh kh\u1ea3 thi v\u00e0 mang l\u1ea1i l\u1ee3i \u00edch kinh t\u1ebf cho t\u1ec9nh bang<\/li><li>V\u1eadn h\u00e0nh doanh nghi\u1ec7p trong 12 th\u00e1ng<\/li><\/ul><\/li><\/ul>\n\n\n\n<p><\/p>\n\n\n\n<p><span class=\"has-inline-color has-blue-color\">&gt;&gt;<\/span><\/p>\n\n\n\n<p>B\u00ean c\u1ea1nh kinh nghi\u1ec7m h\u01a1n 10 n\u0103m c\u00f4ng t\u00e1c t\u1ea1i T\u1ed5ng L\u00e3nh S\u1ef1 Qu\u00e1n \u00dac, ch\u00fang t\u00f4i \u0111\u1ed3ng th\u1eddi l\u00e0m vi\u1ec7c v\u1edbi c\u00e1c Chuy\u00ean Gia T\u01b0 V\u1ea5n Di Tr\u00fa Canada H\u1ee3p Ph\u00e1p (Regulated Canadian Immigration Consultant \u2013 RCIC) gi\u00e0u kinh nghi\u1ec7m v\u00e0 t\u1eadn t\u00e2m nh\u1eb1m mang \u0111\u1ebfn ch\u1ea5t l\u01b0\u1ee3ng ph\u1ee5c v\u1ee5 v\u00e0 hi\u1ec7u qu\u1ea3 c\u00f4ng vi\u1ec7c t\u1ed1t nh\u1ea5t.<\/p>\n\n\n\n<p>T\u00ecm hi\u1ec3u v\u00e0 trao \u0111\u1ed5i th\u00eam th\u00f4ng tin vui l\u00f2ng li\u00ean l\u1ec7 v\u1edbi ch\u00fang t\u00f4i qua email: <a href=\"mailto:info@viettradecompass.com\">info@viettradecompass.com<\/a><\/p>\n","protected":false},"excerpt":{"rendered":"<p>Ch\u01b0\u01a1ng tr\u00ecnh Doanh nh\u00e2n \u2013 \u0110\u1ea7u t\u01b0 T\u1ec9nh Bang (Provincial Business Entrepreneur): M\u1ed7i t\u1ec9nh bang&#8230;<\/p>\n","protected":false},"author":1,"featured_media":0,"parent":0,"menu_order":0,"comment_status":"closed","ping_status":"closed","template":"","meta":{"footnotes":""},"lang":"en","translations":{"en":534},"pll_sync_post":[],"_links":{"self":[{"href":"http:\/\/viettradecompass.com\/index.php\/wp-json\/wp\/v2\/pages\/534"}],"collection":[{"href":"http:\/\/viettradecompass.com\/index.php\/wp-json\/wp\/v2\/pages"}],"about":[{"href":"http:\/\/viettradecompass.com\/index.php\/wp-json\/wp\/v2\/types\/page"}],"author":[{"embeddable":true,"href":"http:\/\/viettradecompass.com\/index.php\/wp-json\/wp\/v2\/users\/1"}],"replies":[{"embeddable":true,"href":"http:\/\/viettradecompass.com\/index.php\/wp-json\/wp\/v2\/comments?post=534"}],"version-history":[{"count":11,"href":"http:\/\/viettradecompass.com\/index.php\/wp-json\/wp\/v2\/pages\/534\/revisions"}],"predecessor-version":[{"id":678,"href":"http:\/\/viettradecompass.com\/index.php\/wp-json\/wp\/v2\/pages\/534\/revisions\/678"}],"wp:attachment":[{"href":"http:\/\/viettradecompass.com\/index.php\/wp-json\/wp\/v2\/media?parent=534"}],"curies":[{"name":"wp","href":"https:\/\/api.w.org\/{rel}","templated":true}]}}