{"id":549,"date":"2022-09-05T18:06:16","date_gmt":"2022-09-05T18:06:16","guid":{"rendered":"http:\/\/viettradecompass.com\/?page_id=549"},"modified":"2022-10-04T15:38:24","modified_gmt":"2022-10-04T15:38:24","slug":"chuong-trinh-dinh-cu-canada-dien-tay-nghe","status":"publish","type":"page","link":"http:\/\/viettradecompass.com\/index.php\/chuong-trinh-dinh-cu-canada-dien-tay-nghe\/","title":{"rendered":"Ch\u01b0\u01a1ng tr\u00ecnh \u0111\u1ecbnh c\u01b0 Canada di\u1ec7n tay ngh\u1ec1"},"content":{"rendered":"\n<p>Canada c\u00f3 3 ch\u01b0\u01a1ng tr\u00ecnh \u0111\u1ecbnh c\u01b0 theo di\u1ec7n tay ngh\u1ec1 (Skilled Worker &#8211; SW), bao g\u1ed3m:&nbsp;<strong>Canada Express Entry <\/strong>(ch\u01b0\u01a1ng tr\u00ecnh c\u1ee7a Li\u00ean bang),&nbsp;<strong>Ch\u01b0\u01a1ng tr\u00ecnh \u0111\u1ecbnh c\u01b0 tay ngh\u1ec1 c\u1ea5p li\u00ean bang<\/strong>, v\u00e0 <strong>Provincial Nominee Programs &#8211; PNP <\/strong>(ch\u01b0\u01a1ng tr\u00ecnh c\u1ee7a c\u00e1c t\u1ec9nh\/bang, kh\u00f4ng t\u00ednh Quebec)&nbsp;<\/p>\n\n\n\n<p><\/p>\n\n\n\n<p class=\"has-larger-font-size\"><strong>Ch\u01b0\u01a1ng tr\u00ecnh \u0111\u1ecbnh c\u01b0 c\u1ee7a Li\u00ean bang \u2013 Canada Express Entry (EE)<\/strong><\/p>\n\n\n\n<p>\u1ee8ng vi\u00ean khi tham gia ch\u01b0\u01a1ng tr\u00ecnh \u0111\u1ecbnh c\u01b0 n\u00e0y c\u00f3 th\u1ec3 sinh s\u1ed1ng t\u1ea1i b\u1ea5t c\u1ee9 bang n\u00e0o.<\/p>\n\n\n\n<p>Ch\u00ednh s\u00e1ch \u0111\u1ecbnh c\u01b0 theo di\u1ec7n tay ngh\u1ec1 c\u1ee7a Li\u00ean bang c\u00f3 3 d\u1ea1ng: <\/p>\n\n\n\n<ul><li>Federal Skilled Worker Program (FSW) &#8211; Lao \u0111\u1ed9ng Tr\u00ecnh \u0111\u1ed9 cao Li\u00ean Bang<\/li><\/ul>\n\n\n\n<ul><li>Federal Skilled Trade Program (FSTP) &#8211; Lao \u0111\u1ed9ng Tay ngh\u1ec1 cao Li\u00ean Bang<\/li><\/ul>\n\n\n\n<ul><li>Canadian Experience Class (CEC) &#8211; Lao \u0111\u1ed9ng \u0111\u00e3 c\u00f3 kinh nghi\u1ec7m l\u00e0m vi\u1ec7c \u1edf Canada.<\/li><\/ul>\n\n\n\n<p>T\u1ea5t c\u1ea3 \u1ee9ng vi\u00ean tham gia v\u00e0o EE s\u1ebd \u0111\u01b0\u1ee3c t\u00ednh \u0111i\u1ec3m d\u1ef1a tr\u00ean \u0111\u1ed9 tu\u1ed5i, tr\u00ecnh \u0111\u1ed9 ngo\u1ea1i ng\u1eef, tr\u00ecnh \u0111\u1ed9 hoc v\u1ea5n, kinh nghi\u1ec7m l\u00e0m vi\u1ec7c v\u00e0 m\u1ed9t s\u1ed1 ch\u1ec9 ti\u00eau kh\u00e1c.<\/p>\n\n\n\n<p><strong>\u0110i\u1ec1u ki\u1ec7n tham gia:<\/strong><\/p>\n\n\n\n<ul><li>\u0110\u1ed9 tu\u1ed5i t\u1eeb 18 \u0111\u1ebfn d\u01b0\u1edbi 45 tu\u1ed5i<\/li><li>Tr\u00ecnh \u0111\u1ed9 \u0111\u1ea1i h\u1ecdc tr\u1edf l\u00ean<\/li><li>Tr\u00ecnh \u0111\u1ed9 ti\u1ebfng Anh \u0111\u1ea1t y\u00eau c\u1ea7u<\/li><li>C\u00f3 kinh nghi\u1ec7m l\u00e0m vi\u1ec7c t\u1ea1i Canada; ho\u1eb7c kinh nghi\u1ec7m c\u00f4ng vi\u1ec7c chuy\u00ean m\u00f4n (Skilled-worker) t\u1ea1i n\u01b0\u1edbc s\u1edf t\u1ea1i; ho\u1eb7c kinh nghi\u1ec7m l\u00e0m vi\u1ec7c \u0111\u00f2i h\u1ecfi k\u1ef7 thu\u1eadt v\u00e0 tay ngh\u1ec1 (skill trades)<\/li><\/ul>\n\n\n\n<p><\/p>\n\n\n\n<p class=\"has-larger-font-size\"><strong>Ch\u01b0\u01a1ng tr\u00ecnh \u0111\u1ecbnh c\u01b0 tay ngh\u1ec1 c\u1ea5p li\u00ean bang<\/strong><\/p>\n\n\n\n<p>Canada c\u00f3 c\u00e1c ch\u01b0\u01a1ng tr\u00ecnh \u0111\u1ecbnh c\u01b0 tay ngh\u1ec1 \u1edf c\u1ea5p li\u00ean bang nh\u1eb1m thu h\u00fat lao \u0111\u1ed9ng n\u01b0\u1edbc ngo\u00e0i \u0111\u1ebfn l\u00e0m vi\u1ec7c trong nh\u1eefng ng\u00e0nh ngh\u1ec1 thi\u1ebfu h\u1ee5t lao \u0111\u1ed9ng ho\u1eb7c \u1edf nh\u1eefng khu v\u1ef1c Canada mu\u1ed1n ph\u00e1t tri\u1ec3n.<\/p>\n\n\n\n<p style=\"font-size:20px\"><strong>C\u00e1c ch\u01b0\u01a1ng tr\u00ecnh \u0111\u1ecbnh c\u01b0 tay ngh\u1ec1 c\u1ea5p li\u00ean bang n\u1ed5i b\u1eadt<\/strong><\/p>\n\n\n\n<p>Do nhu c\u1ea7u l\u1ef1c l\u01b0\u1ee3ng lao \u0111\u1ed9ng c\u1ee7a t\u1eebng \u0111\u1ecba ph\u01b0\u01a1ng kh\u00f4ng \u0111\u1ed3ng b\u1ed9, ch\u00ednh ph\u1ee7 li\u00ean bang v\u00e0 c\u00e1c t\u1ec9nh bang \u0111\u00e3 k\u00fd th\u1ecfa thu\u1eadn \u0111\u1ed3ng \u00fd cho c\u00e1c t\u1ec9nh bang ph\u00e1t tri\u1ec3n c\u00e1c ch\u01b0\u01a1ng tr\u00ecnh \u0111\u1ecbnh c\u01b0 c\u1ee7a ri\u00eang t\u1ec9nh bang. C\u00e1c ch\u01b0\u01a1ng tr\u00ecnh t\u1ec9nh bang r\u1ea5t \u0111a d\u1ea1ng v\u00e0 th\u01b0\u1eddng xuy\u00ean thay \u0111\u1ed5i t\u00f9y theo \u0111\u1ecbnh h\u01b0\u1edbng ph\u00e1t tri\u1ec3n c\u0169ng nh\u01b0 nhu c\u1ea7u kinh t\u1ebf x\u00e3 h\u1ed9i c\u1ee7a t\u1eebng t\u1ec9nh.<\/p>\n\n\n\n<p><\/p>\n\n\n\n<p style=\"font-size:18px\"><strong>Ch\u01b0\u01a1ng tr\u00ecnh AFIP<\/strong> &#8211; <strong>Agri food immigration pilot<\/strong><\/p>\n\n\n\n<ul><li><strong>Gi\u1edbi thi\u1ec7u chung<\/strong><\/li><\/ul>\n\n\n\n<p>Ch\u01b0\u01a1ng tr\u00ecnh AFIP d\u00e0nh cho c\u00e1c lao \u0111\u1ed9ng ph\u1ed5 th\u00f4ng l\u00e0m vi\u1ec7c trong nh\u00f3m ng\u00e0nh n\u00f4ng nghi\u1ec7p, ch\u0103n nu\u00f4i v\u00e0 ch\u1ebf bi\u1ebfn th\u1ef1c ph\u1ea9m. \u0110\u00e2y l\u00e0 ch\u01b0\u01a1ng tr\u00ecnh th\u00ed \u0111i\u1ec3m c\u00f3 hi\u1ec7u l\u1ef1c t\u1eeb th\u00e1ng 5\/2020.<\/p>\n\n\n\n<ul><li><strong>Y\u00eau c\u1ea7u<\/strong><ul><li>Anh V\u0103n t\u1ed1i thi\u1ec3u Ielts 4.0<\/li><li>T\u1ed1t nghi\u1ec7p trung h\u1ecdc<\/li><li>Kinh nghi\u1ec7m 1 n\u0103m l\u00e0m vi\u1ec7c trong c\u00e1c n\u00f4ng tr\u1ea1i \u1edf Canada<\/li><li>C\u00f3 th\u1ecfa thu\u1eadn lao \u0111\u1ed9ng (job offer) v\u1edbi ch\u1ee7 n\u00f4ng tr\u1ea1i Canada<\/li><li>L\u00e0m trong 9 nh\u00f3m ng\u00e0nh ngh\u1ec1 qui \u0111\u1ecbnh&nbsp;<\/li><li>Ti\u1ec1n ti\u1ebft ki\u1ec7m (kho\u1ea3ng $24,000 CAD) cho gia \u0111\u00ecnh 4 ng\u01b0\u1eddi.<\/li><\/ul><\/li><li><strong>Quy tr\u00ecnh x\u00e9t duy\u1ec7t<\/strong><ul><li>Xin work permit d\u1ef1a tr\u00ean LMIA do c\u00e1c ch\u1ee7 farm c\u1ea5p<\/li><li>\u0110i l\u00e0m \u1edf n\u00f4ng tr\u1ea1i Canada 1 n\u0103m<\/li><li>Sau 1 n\u0103m n\u1ebfu \u0111\u1ee7 \u0111i\u1ec1u ki\u1ec7n xin PR cho c\u1ea3 gia \u0111\u00ecnh<\/li><\/ul><\/li><\/ul>\n\n\n\n<p>L\u01b0u \u00fd: ch\u01b0\u01a1ng tr\u00ecnh n\u00e0y ch\u1ec9 c\u00f3 ng\u01b0\u1eddi \u0111\u1ee9ng \u0111\u01a1n ch\u00ednh \u0111\u01b0\u1ee3c \u0111i l\u00e0m \u1edf Canada, v\u01a1\/ch\u1ed3ng\/con c\u00e1i kh\u00f4ng \u0111\u01b0\u1ee3c \u0111i c\u00f9ng. Nh\u01b0ng \u0111\u1ebfn khi xin PR th\u00ec xin cho c\u1ea3 gia \u0111\u00ecnh<\/p>\n\n\n\n<p><\/p>\n\n\n\n<p style=\"font-size:18px\"><strong>Ch\u01b0\u01a1ng tr\u00ecnh skilled worker 4 t\u1ec9nh bang Atlantic AIPP<\/strong> &#8211; <strong>Atlantic immigration pilot program<\/strong><\/p>\n\n\n\n<ul><li><strong>Gi\u1edbi thi\u1ec7u chung<\/strong><\/li><\/ul>\n\n\n\n<p>Ch\u01b0\u01a1ng tr\u00ecnh AIPP nh\u1eb1m thu h\u00fat lao \u0111\u1ed9ng tay ngh\u1ec1 \u0111\u1ebfn s\u1ed1ng v\u00e0 l\u00e0m vi\u1ec7c \u1edf 4 t\u1ec9nh bang khu v\u1ef1c Atlantic g\u1ed3m bang Nova Scotia, New Brunswick, New Foundland and Labrodo, v\u00e0 Prince Edward Island ( \u0111\u1ea3o Ho\u00e0ng T\u1eed).<\/p>\n\n\n\n<p>Ch\u01b0\u01a1ng tr\u00ecnh c\u00f3 3 ch\u01b0\u01a1ng tr\u00ecnh nh\u1ecf d\u00e0nh cho 3 nh\u00f3m \u0111\u1ed1i t\u01b0\u1ee3ng kh\u00e1c nhau g\u1ed3m ch\u01b0\u01a1ng tr\u00ecnh d\u00e0nh cho sinh vi\u00ean qu\u1ed1c t\u1ebf, ch\u01b0\u01a1ng tr\u00ecnh lao \u0111\u1ed9ng tay ngh\u1ec1 cao v\u00e0 ch\u01b0\u01a1ng tr\u00ecnh tay ngh\u1ec1 b\u1eadc trung.&nbsp;<\/p>\n\n\n\n<ul><li><strong>Y\u00eau c\u1ea7u<\/strong><ul><li>Anh V\u0103n t\u1ed1i thi\u1ec3u Ielts 4.0 (Nghe: 4.5, n\u00f3i 4.0, \u0111\u1ecdc: 3.5, vi\u1ebft: 4.0)<\/li><li>T\u1ed1i thi\u1ec3u t\u1ed1t nghi\u1ec7p trung h\u1ecdc<\/li><li>Kinh nghi\u1ec7m 1 n\u0103m l\u00e0m vi\u1ec7c trong ng\u00e0nh ngh\u1ec1 li\u00ean quan, kh\u00f4ng nh\u1ea5t thi\u1ebft ph\u1ea3i \u1edf Canada<\/li><li>Job offer t\u1eeb c\u00e1c ch\u1ee7 doanh nghi\u1ec7p \u0111\u01b0\u1ee3c ph\u00e9p tham gia ch\u01b0\u01a1ng tr\u00ecnh do ch\u00ednh ph\u1ee7 t\u1ec9nh bang duy\u1ec7t.<\/li><li>Ti\u1ec1n ti\u1ebft ki\u1ec7m (kho\u1ea3ng $24,000 CAD) cho gia \u0111\u00ecnh 4 ng\u01b0\u1eddi.<\/li><\/ul><\/li><li><strong>Quy tr\u00ecnh x\u00e9t duy\u1ec7t<\/strong><ul><li>Xin \u0111\u1ec1 c\u1eed t\u1eeb \u1ee7y ban AIPP<\/li><li>Xin th\u01b0\u1eddng tr\u00fa nh\u00e2n PR sau khi c\u00f3 th\u01b0 \u0111\u1ec1 c\u1eed<\/li><li>Xin work permit sau khi c\u00f3 th\u01b0 \u0111\u1ec1 c\u1eed (b\u01b0\u1edbc n\u00e0y kh\u00f4ng b\u1eaft bu\u1ed9c)<\/li><\/ul><\/li><\/ul>\n\n\n\n<p><\/p>\n\n\n\n<p style=\"font-size:18px\"><strong>Ch\u01b0\u01a1ng tr\u00ecnh ng\u01b0\u1eddi tr\u00f4ng tr\u1ebb v\u00e0 ng\u01b0\u1eddi gi\u00fap vi\u1ec7c<\/strong> &#8211; <strong>Home child care provider pilot &amp; Home support worker pilot<\/strong><\/p>\n\n\n\n<ul><li><strong>Gi\u1edbi thi\u1ec7u chung<\/strong><\/li><\/ul>\n\n\n\n<p>\u0110\u00e2y l\u00e0 ch\u01b0\u01a1ng tr\u00ecnh \u0111\u1ecbnh c\u01b0 d\u00e0nh cho 2 nh\u00f3m ng\u00e0nh ngh\u1ec1 tr\u00f4ng tr\u1ebb v\u00e0 gi\u00fap vi\u1ec7c do nhu c\u1ea7u tr\u00f4ng tr\u1ebb em, ng\u01b0\u1eddi gi\u00e0 v\u00e0 ng\u01b0\u1eddi b\u1ec7nh t\u1eadt \u1edf Canada r\u1ea5t cao. Ch\u01b0\u01a1ng tr\u00ecnh n\u00e0y kh\u00e1 \u0111\u1eb7c bi\u1ec7t \u1edf ch\u1ed7 b\u1ea1n xin th\u01b0\u1eddng tr\u00fa nh\u00e2n tr\u01b0\u1edbc khi \u0111\u1ee7 \u0111i\u1ec1u ki\u1ec7n, ch\u00ednh ph\u1ee7 Canada s\u1ebd c\u1ea5p work permit \u0111\u1ec3 b\u1ea1n qua Canada l\u00e0m vi\u1ec7c \u0111\u1ec3 \u0111\u1ebfn khi \u0111\u1ee7 \u0111i\u1ec1u ki\u1ec7n th\u00ec b\u1ea1n s\u1ebd n\u1ed9p b\u1ed5 sung gi\u1ea5y t\u1edd xin PR.<\/p>\n\n\n\n<ul><li><strong>Y\u00eau c\u1ea7u<\/strong><ul><li>T\u1ed1t nghi\u1ec7p c\u00e1c ng\u00e0nh ngh\u1ec1 h\u1ecdc \u00edt nh\u1ea5t 1 n\u0103m trong c\u00e1c l\u0129nh v\u1ef1c li\u00ean quan. B\u1eb1ng c\u1ea5p ph\u1ea3i \u0111\u01b0\u1ee3c ECA.<\/li><li>L\u00e0m vi\u1ec7c trong 2 nh\u00f3m ng\u00e0nh ngh\u1ec1 tr\u00f4ng tr\u1ebb (NOC 4411) v\u00e0 gi\u00fap vi\u1ec7c nh\u00e0 (NOC 4412)<\/li><li>2 n\u0103m kinh nghi\u1ec7m l\u00e0m vi\u1ec7c to\u00e0n th\u1eddi gian \u1edf Canada<\/li><li>N\u1ebfu ch\u01b0a \u0111\u1ee7 2 n\u0103m kinh nghi\u1ec7m l\u00e0m vi\u1ec7c \u1edf Canada th\u00ec ph\u1ea3i c\u00f3 h\u1ee3p \u0111\u1ed3ng lao \u0111\u1ed9ng (Job offer) v\u1edbi ch\u1ee7 thu\u00ea lao \u0111\u1ed9ng \u1edf Canada<\/li><li>Anh v\u0103n Ielts 5.0 (nghe 5.0, n\u00f3i 5.0, \u0111\u1ecdc 4.0, vi\u1ebft 5.0)<\/li><\/ul><\/li><li><strong>Quy tr\u00ecnh x\u00e9t duy\u1ec7t<\/strong><ul><li>Xin work permit v\u00e0 th\u01b0\u1eddng tr\u00fa nh\u00e2n c\u00f9ng l\u00fac<\/li><li>B\u1ed9 Di tr\u00fa s\u1ebd c\u1ea5p work permit 2 n\u0103m \u0111\u1ec3 qua Canada l\u00e0m vi\u1ec7c<\/li><li>Sau th\u1eddi gian 2 n\u0103m, cung c\u1ea5p gi\u1ea5y t\u1edd ch\u1ee9ng minh kinh nghi\u1ec7m t\u00edch l\u0169y n\u1ed9p l\u00ean B\u1ed9 di tr\u00fa \u0111\u1ec3 \u0111\u01b0\u1ee3c th\u01b0\u1eddng tr\u00fa nh\u00e2n.<\/li><\/ul><\/li><\/ul>\n\n\n\n<p><\/p>\n\n\n\n<p style=\"font-size:18px\"><strong>Ch\u01b0\u01a1ng tr\u00ecnh lao \u0111\u1ed9ng \u1edf khu v\u1ef1c n\u00f4ng th\u00f4n v\u00e0 mi\u1ec1n b\u1eafc RINP<\/strong> &#8211; <strong>Rural and northern immigration pilot<\/strong><\/p>\n\n\n\n<ul><li><strong>Gi\u1edbi thi\u1ec7u chung<\/strong><\/li><\/ul>\n\n\n\n<p>Ch\u01b0\u01a1ng tr\u00ecnh nh\u1eb1m thu h\u00fat lao \u0111\u1ed9ng tay ngh\u1ec1 \u0111\u1ebfn l\u00e0m vi\u1ec7c v\u00e0 sinh s\u1ed1ng \u1edf c\u00e1c n\u00f4ng th\u00f4n v\u00e0 khu v\u1ef1c ph\u00eda b\u1eafc Canada.&nbsp;<\/p>\n\n\n\n<ul><li><strong>Y\u00eau c\u1ea7u<\/strong><ul><li>H\u1ee3p \u0111\u1ed3ng lao \u0111\u1ed9ng (job offer) v\u1edbi ch\u1ee7 doanh nghi\u1ec7p \u0111ang ho\u1ea1t \u0111\u1ed9ng t\u1ea1i 11 c\u1ed9ng \u0111\u1ed3ng \u0111\u01b0\u1ee3c ch\u1ec9 \u0111\u1ecbnh <\/li><li>Job offer t\u1eeb ch\u1ee7 doanh nghi\u1ec7p b\u1eaft bu\u1ed9c ph\u1ea3i c\u00f9ng ng\u00e0nh ngh\u1ec1 nh\u01b0ng c\u00f3 th\u1ec3 kh\u00e1c c\u1ea5p \u0111\u1ed9 so v\u1edbi kinh nghi\u1ec7m l\u00e0m vi\u1ec7c m\u00e0 b\u1ea1n c\u00f3.&nbsp;<\/li><li>1 n\u0103m kinh nghi\u1ec7m trong ng\u00e0nh ngh\u1ec1 li\u00ean quan trong th\u1eddi gian 3 n\u0103m g\u1ea7n nh\u1ea5t ho\u1eb7c<\/li><li>T\u1ed1t nghi\u1ec7p c\u00e1c ch\u01b0\u01a1ng tr\u00ecnh h\u1ecdc 2 n\u0103m trong v\u00f2ng 18 th\u00e1ng tr\u01b0\u1edbc khi n\u1ed9p h\u1ed3 s\u01a1 v\u00e0 trong th\u1eddi gian h\u1ecdc 24 th\u00e1ng ph\u1ea3i s\u1ed1ng trong khu v\u1ef1c \u00edt nh\u1ea5t 16 th\u00e1ng ho\u1eb7c<\/li><li>T\u1ed1t nghi\u1ec7p cao h\u1ecdc trong v\u00f2ng 18 th\u00e1ng tr\u01b0\u1edbc khi n\u1ed9p h\u1ed3 s\u01a1 v\u00e0 s\u1ed1ng t\u1ea1i khu v\u1ef1c trong su\u1ed1t th\u1eddi gian h\u1ecdc<\/li><li>Anh v\u0103n: Ielts 4.0 &#8211; 6.0 t\u00f9y c\u00f4ng vi\u1ec7c v\u00e0 job offer<\/li><\/ul><\/li><\/ul>\n\n\n\n<ul><li>Ph\u1ea3i c\u00f3 \u00fd \u0111\u1ecbnh s\u1ed1ng t\u1ea1i c\u00e1c khu v\u1ef1c tr\u00ean sau khi c\u00f3 PR<\/li><li>Nh\u1eadn \u0111\u01b0\u1ee3c th\u01b0 \u0111\u1ec1 c\u1eed c\u1ee7a c\u1ed9ng \u0111\u1ed3ng m\u00e0 b\u1ea1n tham gia ch\u01b0\u01a1ng tr\u00ecnh.<\/li><li><strong>Quy tr\u00ecnh x\u00e9t duy\u1ec7t<\/strong><ul><li>Xin vi\u1ec7c v\u00e0 nh\u1eadn job offer t\u1eeb c\u00e1c c\u1ed9ng \u0111\u1ed3ng<\/li><li>Xin th\u01b0 \u0111\u1ec1 c\u1eed t\u1eeb c\u1ed9ng \u0111\u1ed3ng<\/li><li>Xin PR sau khi c\u00f3 th\u01b0 \u0111\u1ec1 c\u1eed t\u1eeb c\u1ed9ng \u0111\u1ed3ng<\/li><\/ul><\/li><\/ul>\n\n\n\n<p><\/p>\n\n\n\n<p class=\"has-larger-font-size\"><strong>Ch\u01b0\u01a1ng tr\u00ecnh \u0111\u1ecbnh c\u01b0 c\u1ee7a t\u1ec9nh bang \u2013 Provincial Nominee Programs (PNP)<\/strong><\/p>\n\n\n\n<p><\/p>\n\n\n\n<p>PNP \u2013 Provincial Nominee Program l\u00e0 ch\u01b0\u01a1ng tr\u00ecnh \u0111\u1ec1 c\u1eed c\u1ea5p t\u1ec9nh d\u00e0nh cho c\u00e1c \u0111\u1ed1i t\u01b0\u1ee3ng lao \u0111\u1ed9ng c\u00f3 k\u1ef9 n\u0103ng, tr\u00ecnh \u0111\u1ed9 gi\u00e1o d\u1ee5c v\u00e0 kinh nghi\u1ec7m l\u00e0m vi\u1ec7c&nbsp; ho\u1eb7c c\u00e1c doanh nh\u00e2n mu\u1ed1n \u0111\u1ea7u t\u01b0&nbsp; \u0111\u1ec3 \u0111\u00f3ng g\u00f3p v\u00e0o n\u1ec1n kinh t\u1ebf c\u1ee7a m\u1ed9t t\u1ec9nh bang hay m\u1ed9t v\u00f9ng l\u00e3nh th\u1ed5 c\u1ee5 th\u1ec3 c\u1ee7a Canada.<\/p>\n\n\n\n<p>M\u1ed7i t\u1ec9nh v\u00e0 v\u00f9ng l\u00e3nh th\u1ed5 c\u00f3 ch\u01b0\u01a1ng tr\u00ecnh \u0111\u1ecbnh c\u01b0 c\u1ee7a ri\u00eang m\u00ecnh, m\u1ed7i di\u1ec7n l\u1ea1i nh\u1eafm v\u00e0o m\u1ed9t nh\u00f3m \u0111\u1ed1i t\u01b0\u1ee3ng c\u1ee5 th\u1ec3 t\u01b0\u01a1ng \u1ee9ng v\u1edbi t\u1eebng y\u00eau c\u1ea7u, \u0111i\u1ec1u ki\u1ec7n ri\u00eang. M\u1ed9t s\u1ed1 ch\u01b0\u01a1ng tr\u00ecnh \u0111\u1ec1 c\u1eed t\u1ec9nh bang c\u1ea5p cho lao \u0111\u1ed9ng c\u00f3 tr\u00ecnh \u0111\u1ed9, kinh nghi\u1ec7m trong nh\u00f3m ng\u00e0nh m\u00e0 t\u1ec9nh bang \u0111ang c\u1ea7n m\u00e0 kh\u00f4ng c\u1ea7n gi\u1ea5y ph\u00e9p l\u00e0m vi\u1ec7c \u1edf Canada.<\/p>\n\n\n\n<p style=\"font-size:20px\"><strong>C\u00e1c ch\u01b0\u01a1ng tr\u00ecnh \u0110\u1ecbnh c\u01b0 Canada \u2013 PNP n\u1ed5i b\u1eadt<\/strong><\/p>\n\n\n\n<p style=\"font-size:18px\"><strong>\u0110\u1ecbnh c\u01b0 Canada Ontario<\/strong><\/p>\n\n\n\n<p>L\u00e0 m\u1ed9t trong 13 t\u1ec9nh v\u00e0 v\u00f9ng l\u00e3nh th\u1ed5 c\u1ee7a Canada, Ontario l\u00e0 n\u01a1i c\u00f3 Toronto, trung t\u00e2m t\u00e0i ch\u00ednh c\u1ee7a \u0111\u1ea5t n\u01b0\u1edbc v\u00e0 Ottawa, th\u1ee7 \u0111\u00f4 qu\u1ed1c gia.<\/p>\n\n\n\n<p>Ontario l\u00e0 trung t\u00e2m c\u1ee7a c\u00e1c nh\u00e0 m\u00f4i gi\u1edbi ch\u1ee9ng kho\u00e1n v\u00e0 c\u00e1c ch\u00ednh tr\u1ecb gia. V\u00f9ng \u0111\u1ea5t xa hoa n\u00e0y bao g\u1ed3m h\u00e0ng ng\u00e0n h\u1ed3 n\u01b0\u1edbc v\u00e0 c\u00e1c khu r\u1eebng \u0111\u01b0\u1ee3c b\u1ea3o v\u1ec7 t\u1ed1t, c\u00e1c th\u1ecb tr\u1ea5n nh\u1ecf duy\u00ean d\u00e1ng, c\u00e1c di t\u00edch l\u1ecbch s\u1eed v\u00e0 trung t\u00e2m v\u0103n h\u00f3a nh\u1ed9n nh\u1ecbp.<\/p>\n\n\n\n<p>Ontario c\u00f3 nh\u1eefng ch\u01b0\u01a1ng tr\u00ecnh \u0111\u1ecbnh c\u01b0 \u0111\u1ec1 c\u1eed t\u1ec9nh bang:<\/p>\n\n\n\n<ul><li>Ch\u01b0\u01a1ng tr\u00ecnh OINP \u2013 Human Capital Priorities theo d\u1ea1ng tay ngh\u1ec1<\/li><\/ul>\n\n\n\n<ul><li>Ch\u01b0\u01a1ng tr\u00ecnh OINP \u2013 Human Capital Priorities theo d\u1ea1ng \u0111\u1ea7u t\u01b0 kinh doanh<\/li><\/ul>\n\n\n\n<p style=\"font-size:18px\"><strong>\u0110\u1ecbnh c\u01b0 Canada Alberta<\/strong><\/p>\n\n\n\n<p>Alberta l\u00e0 t\u1ec9nh l\u1edbn th\u1ee9 4 sau Quebec, Ontario, v\u00e0 British Columbia.<\/p>\n\n\n\n<p>Alberta l\u00e0 m\u1ed9t t\u1ec9nh mi\u1ec1n T\u00e2y Canada c\u00f3 th\u1ee7 ph\u1ee7 l\u00e0 th\u00e0nh ph\u1ed1 Edmonton n\u1ed5i ti\u1ebfng v\u1edbi v\u1ebb \u0111\u1eb9p c\u1ee7a thi\u00ean nhi\u00ean v\u00e0 nh\u1eefng danh lam th\u1eafng c\u1ea3nh ngo\u1ea1n m\u1ee5c.<\/p>\n\n\n\n<p>C\u00e1c ch\u01b0\u01a1ng tr\u00ecnh \u0111\u1ecbnh c\u01b0 \u0111\u1ec1&nbsp; c\u1eed t\u1ec9nh bang t\u1ea1i Alberta:<\/p>\n\n\n\n<ul><li>ANIP theo d\u1ea1ng Express Entry<\/li><\/ul>\n\n\n\n<ul><li>ANIP cho nh\u00f3m ng\u00e0nh ngh\u1ec1 thu\u1ed9c di\u1ec7n \u01b0u ti\u00ean<\/li><\/ul>\n\n\n\n<p style=\"font-size:18px\"><strong>\u0110\u1ecbnh c\u01b0 Canada Saskatchewan<\/strong><\/p>\n\n\n\n<p>Saskatchewan l\u00e0 m\u1ed9t trong nh\u1eefng t\u1ec9nh bang c\u00f3 nhi\u1ec1u ch\u00ednh s\u00e1ch h\u1ed7 tr\u1ee3 d\u00e0nh cho sinh vi\u00ean qu\u1ed1c t\u1ebf nh\u01b0 vi\u1ec7c l\u00e0m th\u00eam, ho\u00e0n tr\u1ea3 ph\u00ed du h\u1ecdc, vi\u1ec7c l\u00e0m sau t\u1ed1t nghi\u1ec7p, c\u01a1 h\u1ed9i \u0111\u1ecbnh c\u01b0 \u1edf l\u1ea1i Canada v\u1edbi \u0111\u1eddi s\u1ed1ng ch\u1ea5t l\u01b0\u1ee3ng cao m\u00e0 chi ph\u00ed sinh ho\u1ea1t th\u1ea5p, bang Saskatchewan l\u00e0 \u0111i\u1ec3m \u0111\u1ebfn th\u00edch h\u1ee3p d\u00e0nh cho nh\u1eefng ai mu\u1ed1n \u0111\u1ecbnh c\u01b0 Canada<\/p>\n\n\n\n<p>C\u00e1c ch\u01b0\u01a1ng tr\u00ecnh \u0111\u1ecbnh c\u01b0 \u0111\u1ec1&nbsp; c\u1eed t\u1ec9nh bang t\u1ea1i Saskatchewan:<\/p>\n\n\n\n<ul><li>SINP theo d\u1ea1ng vi\u1ec7c l\u00e0m c\u00f3 h\u1ee3p \u0111\u1ed3ng lao \u0111\u1ed9ng v\u1edbi ch\u1ee7 doanh nghi\u1ec7p t\u1ea1i SK<\/li><\/ul>\n\n\n\n<ul><li>SNIP thu\u1ed9c nh\u00f3m ng\u00e0nh ngh\u1ec1 \u0111\u01b0\u1ee3c \u01b0u ti\u00ean<\/li><\/ul>\n\n\n\n<ul><li>SNIP th\u00f4ng qua Express Entry<\/li><\/ul>\n\n\n\n<p style=\"font-size:18px\"><strong>\u0110\u1ecbnh c\u01b0 Canada British Columbiba<\/strong><\/p>\n\n\n\n<p>British Columbia l\u00e0 m\u1ed9t t\u1ec9nh bang n\u1eb1m v\u1ec1 ph\u00eda c\u1ef1c T\u00e2y c\u1ee7a Canada v\u00e0 \u0111\u00e2y l\u00e0 m\u1ed9t trong nh\u1eefng \u0111i\u1ec3m \u0111\u1ebfn du h\u1ecdc ho\u00e0n h\u1ea3o nh\u1ea5t d\u00e0nh cho du h\u1ecdc sinh Vi\u1ec7t Nam t\u1ea1i \u0111\u1ea5t n\u01b0\u1edbc l\u00e1 phong \u0111\u1ecf xinh \u0111\u1eb9p n\u00e0y<\/p>\n\n\n\n<p>Nh\u1eafc \u0111\u1ebfn British Columbia, ch\u00fang ta kh\u00f4ng th\u1ec3 kh\u00f4ng n\u00f3i \u0111\u1ebfn Vancouver \u2013 \u201cth\u00e0nh ph\u1ed1 \u0111\u00e1ng s\u1ed1ng nh\u1ea5t tr\u00ean th\u1ebf gi\u1edbi\u201d hay \u201cm\u1ed9t trong nh\u1eefng trung t\u00e2m gi\u1ea3i tr\u00ed l\u1edbn nh\u1ea5t khu v\u1ef1c B\u1eafc M\u1ef9<\/p>\n\n\n\n<p>C\u00e1c ch\u01b0\u01a1ng tr\u00ecnh \u0111\u1ecbnh c\u01b0 \u0111\u1ec1&nbsp; c\u1eed t\u1ec9nh bang t\u1ea1i British Columbia:<\/p>\n\n\n\n<ul><li>BCPNP theo d\u1ea1ng Express Entry<\/li><\/ul>\n\n\n\n<ul><li>BCPNP theo di\u1ec7n \u0111\u1ea7u t\u01b0<\/li><\/ul>\n\n\n\n<ul><li>BCPNP thu\u1ed9c&nbsp; nh\u00f3m ng\u00e0ng\/ngh\u1ec1 \u01b0u ti\u00ean<\/li><\/ul>\n\n\n\n<p style=\"font-size:18px\"><strong>\u0110\u1ecbnh c\u01b0 Canada Atlantic<\/strong><\/p>\n\n\n\n<p>V\u00f9ng Atlantic Canada ( V\u00f9ng \u0110\u1ea1i T\u00e2y D\u01b0\u01a1ng Canada ) n\u1eb1m \u1edf \u0110\u00f4ng Canada bao g\u1ed3m c\u00e1c t\u1ec9nh bang New Brunswick, Newfoundland &amp; Labrador, Nova Scotia, Prince Edward Island. \u0110\u00e2y l\u00e0 khu v\u1ef1c c\u00f3 c\u1ea3nh quan thi\u00ean nhi\u00ean bi\u1ec3n cho vi\u1ec7c ph\u00e1t tri\u1ec3n du l\u1ecbch v\u00e0 th\u1ebf m\u1ea1nh h\u00e0ng h\u1ea3i l\u1edbn nh\u1ea5t Canada.<\/p>\n\n\n\n<p>Atlantic Canada c\u00f2n m\u1ed9t khu v\u1ef1c gi\u00e0u truy\u1ec1n th\u1ed1ng v\u1edbi c\u00e1c n\u1ec1n v\u0103n h\u00f3a \u0111\u1eb7c s\u1eafc \u0111\u01b0\u1ee3c s\u00e1ng l\u1eadp ban \u0111\u1ea7u c\u1ee7a ng\u01b0\u1eddi Celtic, ti\u1ebfng Anh v\u00e0 ti\u1ebfng Ph\u00e1p v\u1eabn m\u1ea1nh m\u1ebd v\u00e0 s\u00f4i \u0111\u1ed9ng cho \u0111\u1ebfn ng\u00e0y nay. \u0110i\u1ec3m chung c\u1ee7a v\u00f9ng Atlantic Canada l\u00e0 \u1edf chi ph\u00ed.<\/p>\n\n\n\n<p style=\"font-size:18px\"><strong>\u0110\u1ecbnh c\u01b0 Canada Prince Edwards Island &#8211; \u0110\u1ea3o ho\u00e0ng t\u1eed<\/strong><\/p>\n\n\n\n<p>Prince Edward Island c\u00f2n \u0111\u01b0\u1ee3c g\u1ecdi l\u00e0 \u0111\u1ea3o Ho\u00e0ng t\u1eed v\u1edbi v\u1ebb \u0111\u1eb9p thi\u00ean nhi\u00ean k\u1ef3 v\u0129 \u0111\u01b0\u1ee3c v\u00ed von nh\u01b0 m\u1ed9t khu v\u01b0\u1eddn r\u1ef1c r\u1ee1 s\u1eafc m\u00e0u, l\u00e0 \u0111i\u1ec3m \u0111\u1ebfn h\u1ea5p d\u1eabn kh\u00e1ch du l\u1ecbch \u1edf b\u1edd \u0110\u00f4ng Canada.<\/p>\n\n\n\n<p><span class=\"has-inline-color has-blue-color\">&gt;&gt;<\/span><\/p>\n\n\n\n<p>B\u00ean c\u1ea1nh kinh nghi\u1ec7m h\u01a1n 10 n\u0103m c\u00f4ng t\u00e1c t\u1ea1i T\u1ed5ng L\u00e3nh S\u1ef1 Qu\u00e1n \u00dac, ch\u00fang t\u00f4i \u0111\u1ed3ng th\u1eddi l\u00e0m vi\u1ec7c v\u1edbi c\u00e1c Chuy\u00ean Gia T\u01b0 V\u1ea5n Di Tr\u00fa Canada H\u1ee3p Ph\u00e1p (Regulated Canadian Immigration Consultant \u2013 RCIC) gi\u00e0u kinh nghi\u1ec7m v\u00e0 t\u1eadn t\u00e2m nh\u1eb1m mang \u0111\u1ebfn ch\u1ea5t l\u01b0\u1ee3ng ph\u1ee5c v\u1ee5 v\u00e0 hi\u1ec7u qu\u1ea3 c\u00f4ng vi\u1ec7c t\u1ed1t nh\u1ea5t.<\/p>\n\n\n\n<p>T\u00ecm hi\u1ec3u v\u00e0 trao \u0111\u1ed5i th\u00eam th\u00f4ng tin vui l\u00f2ng li\u00ean l\u1ec7 v\u1edbi ch\u00fang t\u00f4i qua email: <a href=\"mailto:info@viettradecompass.com\">info@viettradecompass.com<\/a><\/p>\n","protected":false},"excerpt":{"rendered":"<p>Canada c\u00f3 3 ch\u01b0\u01a1ng tr\u00ecnh \u0111\u1ecbnh c\u01b0 theo di\u1ec7n tay ngh\u1ec1 (Skilled Worker &#8211; SW),&#8230;<\/p>\n","protected":false},"author":1,"featured_media":0,"parent":0,"menu_order":0,"comment_status":"closed","ping_status":"closed","template":"","meta":{"footnotes":""},"lang":"en","translations":{"en":549},"pll_sync_post":[],"_links":{"self":[{"href":"http:\/\/viettradecompass.com\/index.php\/wp-json\/wp\/v2\/pages\/549"}],"collection":[{"href":"http:\/\/viettradecompass.com\/index.php\/wp-json\/wp\/v2\/pages"}],"about":[{"href":"http:\/\/viettradecompass.com\/index.php\/wp-json\/wp\/v2\/types\/page"}],"author":[{"embeddable":true,"href":"http:\/\/viettradecompass.com\/index.php\/wp-json\/wp\/v2\/users\/1"}],"replies":[{"embeddable":true,"href":"http:\/\/viettradecompass.com\/index.php\/wp-json\/wp\/v2\/comments?post=549"}],"version-history":[{"count":18,"href":"http:\/\/viettradecompass.com\/index.php\/wp-json\/wp\/v2\/pages\/549\/revisions"}],"predecessor-version":[{"id":679,"href":"http:\/\/viettradecompass.com\/index.php\/wp-json\/wp\/v2\/pages\/549\/revisions\/679"}],"wp:attachment":[{"href":"http:\/\/viettradecompass.com\/index.php\/wp-json\/wp\/v2\/media?parent=549"}],"curies":[{"name":"wp","href":"https:\/\/api.w.org\/{rel}","templated":true}]}}