{"id":9,"date":"2017-09-19T18:12:05","date_gmt":"2017-09-19T18:12:05","guid":{"rendered":"http:\/\/viettradecompass.com\/?page_id=9"},"modified":"2026-01-25T09:02:05","modified_gmt":"2026-01-25T09:02:05","slug":"gioi-thieu","status":"publish","type":"page","link":"http:\/\/viettradecompass.com\/index.php\/vi\/gioi-thieu\/","title":{"rendered":"GI\u1edaI THI\u1ec6U"},"content":{"rendered":"<p>ViettradeCompasss chuy\u00ean v\u1ec1 x\u00fac ti\u1ebfn th\u01b0\u01a1ng m\u1ea1i v\u00e0 ph\u00e1t tri\u1ec3n kinh doanh. Ch\u00fang t\u00f4i gi\u00fap c\u00e1c c\u00f4ng ty n\u01b0\u1edbc ngo\u00e0i t\u00ecm ki\u1ebfm \u0111\u1ed1i t\u00e1c kinh doanh, c\u00e1c nh\u00e0 ph\u00e2n ph\u1ed1i, c\u00e1c nh\u00e0 cung c\u1ea5p t\u1ea1i Vi\u1ec7t Nam v\u00e0 \u0110\u00f4ng Nam \u00c1.<\/p>\n<p>M\u1ee5c ti\u00eau c\u1ee7a ch\u00fang t\u00f4i l\u00e0 tr\u1edf th\u00e0nh nh\u00e0 cung c\u1ea5p d\u1ecbch v\u1ee5 t\u1ed1t nh\u1ea5t trong kinh doanh, x\u00fac ti\u1ebfn th\u01b0\u01a1ng m\u1ea1i qu\u1ed1c t\u1ebf. Ch\u00fang t\u00f4i cung c\u1ea5p s\u1ef1 h\u1ed7 tr\u1ee3 kh\u00f4ng ng\u1eebng cho c\u00e1c \u0111\u1ed1i t\u00e1c kinh doanh to\u00e0n c\u1ea7u c\u1ee7a ch\u00fang t\u00f4i \u0111\u1ec3 m\u1edf r\u1ed9ng n\u0103ng l\u1ef1c c\u1ea1nh tranh c\u1ee7a h\u1ecd tr\u00ean th\u1ecb tr\u01b0\u1eddng b\u1eb1ng c\u00e1ch th\u00fac \u0111\u1ea9y t\u0103ng tr\u01b0\u1edfng kinh doanh b\u1ec1n v\u1eefng. Ch\u00fang t\u00f4i cam k\u1ebft s\u1ebd x\u00e2y d\u1ef1ng c\u1ea3 v\u1ec1 ch\u1ea5t l\u01b0\u1ee3ng d\u1ecbch v\u1ee5 v\u00e0 m\u1ed1i quan h\u1ec7 trong kinh doanh.<\/p>\n<p>Th\u00f4ng qua nghi\u00ean c\u1ee9u th\u1ecb tr\u01b0\u1eddng, t\u01b0 v\u1ea5n ph\u00e1t tri\u1ec3n kinh doanh, ch\u00fang t\u00f4i gi\u00fap x\u00e1c \u0111\u1ecbnh, \u0111\u00e1nh gi\u00e1 c\u01a1 h\u1ed9i kinh doanh v\u00e0 gi\u1ea3m thi\u1ec3u c\u00e1c r\u1ee7i ro li\u00ean quan \u0111\u1ebfn th\u1ecb tr\u01b0\u1eddng, c\u00e1c ng\u00e0nh c\u00f4ng nghi\u1ec7p v\u00e0 c\u00e1c c\u00f4ng ty trong khu v\u1ef1c.<\/p>\n<p>Ch\u00fang t\u00f4i n\u1eb1m trong danh s\u00e1ch c\u00e1c chuy\u00ean gia c\u1ee7a Switzerland Global Enterprise (S-GE), m\u1ed9t t\u1ed5 ch\u1ee9c x\u00fac ti\u1ebfn th\u01b0\u01a1ng m\u1ea1i qu\u1ed1c t\u1ebf c\u00f3 uy t\u00edn, v\u1ec1 T\u01b0 v\u1ea5n kinh doanh v\u00e0 Nghi\u00ean c\u1ee9u th\u1ecb tr\u01b0\u1eddng, link li\u00ean k\u1ebft: <a href=\"http:\/\/expertdirectory.s-ge.com\/en\/experts\/viettradecompass\/\">Expert Directory<\/a>.<\/p>\n<p><span style=\"color: #ffffff;\">.<\/span><\/p>\n<p><strong>Our Executive<\/strong><\/p>\n<p><img loading=\"lazy\" decoding=\"async\" class=\"size-medium wp-image-305\" style=\"font-weight: bold; color: #737373; font-size: 1rem;\" src=\"http:\/\/viettradecompass.com\/wp-content\/uploads\/2017\/09\/Bio-profile-A-Tu-3.1.1-1-200x300.jpg\" alt=\"\" width=\"200\" height=\"300\" srcset=\"http:\/\/viettradecompass.com\/wp-content\/uploads\/2017\/09\/Bio-profile-A-Tu-3.1.1-1-200x300.jpg 200w, http:\/\/viettradecompass.com\/wp-content\/uploads\/2017\/09\/Bio-profile-A-Tu-3.1.1-1.jpg 681w\" sizes=\"(max-width: 200px) 100vw, 200px\" \/><\/p>\n<p>Chung Minh Tu (Mr.), Director and founder of ViettradeCompass<\/p>\n<div class=\"mceTemp\">\u00a0<\/div>\n<p>Chuy\u00ean vi\u00ean T\u01b0 v\u1ea5n kinh doanh v\u00e0 Nghi\u00ean c\u1ee9u th\u1ecb tr\u01b0\u1eddng \u0111\u00e3 \u0111\u0103ng k\u00fd v\u1edbi Switzerland Global Enterprise (S-GE), m\u1ed9t t\u1ed5 ch\u1ee9c x\u00fac ti\u1ebfn th\u01b0\u01a1ng m\u1ea1i qu\u1ed1c t\u1ebf c\u00f3 uy t\u00edn.\u00a0Link: <a href=\"http:\/\/expertdirectory.s-ge.com\/en\/experts\/viettradecompass\/\">Expert Directory<\/a>.<\/p>\n<p>Anh \u0111\u00e3 \u0111\u1ea1t \u0111\u01b0\u1ee3c nhi\u1ec1u kinh nghi\u1ec7m trong vi\u1ec7c cung c\u1ea5p v\u00e0 qu\u1ea3n l\u00fd d\u1ecbch v\u1ee5 t\u01b0 v\u1ea5n kinh doanh trong m\u01b0\u1eddi hai n\u0103m l\u00e0m vi\u1ec7c cho \u1ee6y ban Th\u01b0\u01a1ng m\u1ea1i \u00dac. Anh gi\u00fap c\u00e1c c\u00f4ng ty c\u1ee7a \u00dac, Ch\u00e2u \u00c2u, M\u1ef9 trong c\u00e1c ng\u00e0nh c\u00f4ng nghi\u1ec7p: X\u00e2y d\u1ef1ng, D\u1ea7u kh\u00ed, S\u1ea3n xu\u1ea5t, IT, Th\u1ef1c ph\u1ea9m, N\u00f4ng nghi\u1ec7p v\u00e0 D\u1ecbch v\u1ee5 v\u00e0o th\u1ecb tr\u01b0\u1eddng Vi\u1ec7t Nam; t\u00ecm ki\u1ebfm \u0111\u1ed1i t\u00e1c kinh doanh ti\u1ec1m n\u0103ng; thi\u1ebft k\u1ebf v\u00e0 th\u1ef1c hi\u1ec7n ch\u01b0\u01a1ng tr\u00ecnh vi\u1ebfng th\u0103m cho c\u00e1c \u0111o\u00e0n th\u01b0\u01a1ng m\u1ea1i.<\/p>\n<p>Anh T\u00fa \u0111\u1ea1t \u0111\u01b0\u1ee3c b\u1eb1ng c\u1eed nh\u00e2n c\u1ee7a tr\u01b0\u1eddng \u0110\u1ea1i h\u1ecdc Kinh t\u1ebf Th\u00e0nh ph\u1ed1 H\u1ed3 Ch\u00ed Minh v\u00e0 b\u1eb1ng Th\u1ea1c s\u0129 Qu\u1ea3n tr\u1ecb Kinh doanh (MBA) c\u1ee7a Trung t\u00e2m \u0110\u00e0o t\u1ea1o Qu\u1ea3n l\u00fd Ph\u00e1p-Vi\u1ec7t (CFVG).<\/p>\n<p>Anh T\u00fa l\u00e0 kh\u00e1ch m\u1eddi thuy\u1ebft tr\u00ecnh v\u1ec1 th\u1ecb tr\u01b0\u1eddng Vi\u1ec7t Nam t\u1ea1i the 9th AccEssMeeting Export2Asia in Moscow 2021.<\/p>\n<p><span style=\"color: #ffffff;\">.<\/span><\/p>\n<p><img loading=\"lazy\" decoding=\"async\" class=\" wp-image-307\" style=\"font-weight: bold; color: #737373; font-size: 1rem;\" src=\"http:\/\/viettradecompass.com\/wp-content\/uploads\/2017\/09\/Dat-Bio-photo-1-227x300.jpg\" alt=\"\" width=\"195\" height=\"257\" srcset=\"http:\/\/viettradecompass.com\/wp-content\/uploads\/2017\/09\/Dat-Bio-photo-1-227x300.jpg 227w, http:\/\/viettradecompass.com\/wp-content\/uploads\/2017\/09\/Dat-Bio-photo-1.jpg 694w\" sizes=\"(max-width: 195px) 100vw, 195px\" \/><\/p>\n<p>Dat Mai (Mr.), Project Manager of ViettradeCompass<\/p>\n<div class=\"mceTemp\">\u00a0<\/div>\n<p>\u0110\u1ea1t Mai l\u00e0 m\u1ed9t doanh nh\u00e2n v\u00e0 m\u1ed9t chuy\u00ean vi\u00ean v\u1ec1 truy\u1ec1n th\u00f4ng ti\u1ebfp th\u1ecb.<\/p>\n<p>M\u1ee5c ti\u00eau \u0111\u1ea7u ti\u00ean v\u00e0 quan tr\u1ecdng nh\u1ea5t c\u1ee7a \u0110\u1ea1t l\u00e0 s\u1ef1 th\u00e0nh c\u00f4ng c\u1ee7a kh\u00e1ch h\u00e0ng. Anh s\u1eed d\u1ee5ng t\u1ea5t c\u1ea3 n\u0103ng l\u1ef1c, ki\u1ebfn th\u1ee9c v\u00e0 k\u1ef9 n\u0103ng c\u1ee7a m\u00ecnh \u0111\u1ec3 \u0111\u1ea3m b\u1ea3o t\u1ea5t c\u1ea3 kh\u00e1ch h\u00e0ng nh\u1eadn \u0111\u01b0\u1ee3c c\u00e1c d\u1ecbch v\u1ee5 chuy\u00ean nghi\u1ec7p v\u00e0 \u0111\u00e1ng tin c\u1eady trong vi\u1ec7c x\u00e2y d\u1ef1ng Th\u01b0\u01a1ng hi\u1ec7u doanh nghi\u1ec7p, Ti\u1ebfp th\u1ecb th\u01b0\u01a1ng m\u1ea1i v\u00e0 Ti\u1ebfp th\u1ecb k\u1ef9 thu\u1eadt s\u1ed1.<\/p>\n<p>V\u1edbi b\u1eb1ng c\u1ea5p Truy\u1ec1n th\u00f4ng chuy\u00ean nghi\u1ec7p t\u1eeb \u0110\u1ea1i h\u1ecdc C\u00f4ng ngh\u1ec7 Ho\u00e0ng gia Melbourne v\u00e0 kinh nghi\u1ec7m th\u1ef1c t\u1ebf, \u0110\u1ea1t \u0111\u00e3 h\u1ed7 tr\u1ee3 hi\u1ec7u qu\u1ea3 cho c\u00e1c doanh nghi\u1ec7p trong c\u00e1c l\u0129nh v\u1ef1c c\u00f4ng nghi\u1ec7p kh\u00e1c nhau nh\u01b0 Th\u1ef1c ph\u1ea9m &amp; \u0110\u1ed3 u\u1ed1ng, Ch\u0103m s\u00f3c S\u1ee9c kh\u1ecfe &amp; M\u1ef9 ph\u1ea9m, \u00d4 t\u00f4 &amp; Xe m\u00e1y v\u00e0 H\u00e0ng ti\u00eau d\u00f9ng.<\/p>\n<p><span style=\"color: #ffffff;\">.<\/span><\/p>\n<p><img loading=\"lazy\" decoding=\"async\" class=\"alignnone  wp-image-441\" src=\"http:\/\/viettradecompass.com\/wp-content\/uploads\/2022\/01\/Nhi-Picture-2-1-227x300.png\" alt=\"\" width=\"195\" height=\"258\" srcset=\"http:\/\/viettradecompass.com\/wp-content\/uploads\/2022\/01\/Nhi-Picture-2-1-227x300.png 227w, http:\/\/viettradecompass.com\/wp-content\/uploads\/2022\/01\/Nhi-Picture-2-1.png 548w\" sizes=\"(max-width: 195px) 100vw, 195px\" \/><\/p>\n<p>Nhi Hoang (Ms.), Project Manager of ViettradeCompass<\/p>\n<p>Nhi Hoang &#8211; phi\u00ean d\u1ecbch vi\u00ean chuy\u00ean nghi\u1ec7p v\u00e0 l\u00e0 chuy\u00ean vi\u00ean v\u1ec1 x\u00fac ti\u1ebfn th\u01b0\u01a1ng m\u1ea1i cho c\u00e1c s\u1ef1 ki\u1ec7n, tri\u1ec3n l\u00e3m qu\u1ed1c t\u1ebf.<\/p>\n<p>Ph\u01b0\u01a1ng ch\u00e2m l\u1edbn nh\u1ea5t m\u00e0 c\u00f4 mu\u1ed1n h\u01b0\u1edbng \u0111\u1ebfn \u0111\u00f3 l\u00e0 s\u1ef1 h\u00e0i l\u00f2ng c\u1ee7a kh\u00e1ch h\u00e0ng.<\/p>\n<p>L\u00e0 c\u1eed nh\u00e2n ng\u00f4n ng\u1eef v\u00e0 v\u1edbi kinh nghi\u1ec7m l\u00e0m vi\u1ec7c c\u00f9ng c\u00e1c c\u01a1 quan x\u00fac ti\u1ebfn th\u01b0\u01a1ng m\u1ea1i c\u1ee7a c\u00e1c qu\u1ed1c gia, k\u1ebft h\u1ee3p c\u00f9ng n\u0103ng l\u1ef1c, ki\u1ebfn th\u1ee9c v\u00e0 c\u00e1c k\u0129 n\u0103ng c\u1ea7n thi\u1ebft, c\u00f4 \u0111\u00e3 v\u00e0 \u0111ang k\u1ebft n\u1ed1i hi\u1ec7u qu\u1ea3 c\u00e1c doanh nghi\u1ec7p trong v\u00e0 ngo\u00e0i n\u01b0\u1edbc \u1edf \u0111a d\u1ea1ng c\u00e1c l\u0129nh v\u1ef1c nh\u01b0 Th\u1ef1c ph\u1ea9m &amp; \u0110\u1ed3 u\u1ed1ng, D\u1ec7t may, Thi\u1ebft b\u1ecb c\u00f4ng nghi\u1ec7p, H\u00e0ng ti\u00eau d\u00f9ng.<\/p>\n\n\n<p><\/p>\n\n\n\n<figure class=\"wp-block-image size-full is-resized\"><img loading=\"lazy\" decoding=\"async\" width=\"213\" height=\"265\" src=\"http:\/\/viettradecompass.com\/wp-content\/uploads\/2025\/08\/Kevin-2a.png\" alt=\"\" class=\"wp-image-771\" style=\"width:193px;height:auto\"\/><\/figure>\n\n\n\n<p><\/p>\n\n\n\n<p>Mr. Kevin Wortz, C\u1ed1 V\u1ea5n<\/p>\n\n\n\n<p>Kevin \u0111\u1ebfn s\u1ed1ng v\u00e0 l\u00e0m vi\u1ec7c t\u1ea1i Vi\u1ec7t Nam t\u1eeb n\u0103m 2006 v\u00e0 k\u1ec3 t\u1eeb \u0111\u00f3, ph\u1ea7n l\u1edbn c\u00f4ng vi\u1ec7c c\u1ee7a anh t\u1eadp trung v\u00e0o ng\u00e0nh Golf v\u00e0 c\u00e1c l\u0129nh v\u1ef1c c\u00f3 li\u00ean quan.<\/p>\n\n\n\n<p>Trong qu\u00e1 tr\u00ecnh l\u00e0m vi\u1ec7c, Kevin \u0111\u00e3 g\u1eb7p g\u1ee1 nhi\u1ec1u doanh nh\u00e2n Vi\u1ec7t Nam v\u00e0 ph\u1ee5 n\u1eef th\u00e0nh \u0111\u1ea1t l\u00e0m vi\u1ec7c trong nhi\u1ec1u l\u0129nh v\u1ef1c kinh doanh kh\u00e1c nhau nh\u01b0 b\u1ea5t \u0111\u1ed9ng s\u1ea3n, s\u1ea3n xu\u1ea5t, kh\u00e1ch s\u1ea1n, l\u0129nh v\u1ef1c t\u00e0i nguy\u00ean, s\u1ea3n xu\u1ea5t n\u0103ng l\u01b0\u1ee3ng, vi\u1ec5n th\u00f4ng, l\u0129nh v\u1ef1c t\u00e0i ch\u00ednh, ng\u00e2n h\u00e0ng, n\u00f4ng nghi\u1ec7p, v.v.<\/p>\n\n\n\n<p>Kevin \u0111\u00e3 tham gia c\u00f9ng v\u1edbi VIETTRADECOMPASS \u0111\u1ec3 c\u1ed1 v\u1ea5n v\u00e0 h\u1ed7 tr\u1ee3 nh\u1eb1m \u0111\u01b0a c\u00e1c doanh nghi\u1ec7p n\u01b0\u1edbc ngo\u00e0i \u0111\u1ea1t \u0111\u01b0\u1ee3c m\u1ee5c ti\u00eau th\u00e0nh c\u00f4ng c\u1ee7a h\u1ecd t\u1ea1i Vi\u1ec7t Nam.<\/p>\n","protected":false},"excerpt":{"rendered":"<p>ViettradeCompasss chuy\u00ean v\u1ec1 x\u00fac ti\u1ebfn th\u01b0\u01a1ng m\u1ea1i v\u00e0 ph\u00e1t tri\u1ec3n kinh doanh. Ch\u00fang t\u00f4i gi\u00fap&#8230;<\/p>\n","protected":false},"author":1,"featured_media":10,"parent":0,"menu_order":0,"comment_status":"closed","ping_status":"closed","template":"","meta":{"footnotes":""},"lang":"vi","translations":{"vi":9,"en":6},"pll_sync_post":[],"_links":{"self":[{"href":"http:\/\/viettradecompass.com\/index.php\/wp-json\/wp\/v2\/pages\/9"}],"collection":[{"href":"http:\/\/viettradecompass.com\/index.php\/wp-json\/wp\/v2\/pages"}],"about":[{"href":"http:\/\/viettradecompass.com\/index.php\/wp-json\/wp\/v2\/types\/page"}],"author":[{"embeddable":true,"href":"http:\/\/viettradecompass.com\/index.php\/wp-json\/wp\/v2\/users\/1"}],"replies":[{"embeddable":true,"href":"http:\/\/viettradecompass.com\/index.php\/wp-json\/wp\/v2\/comments?post=9"}],"version-history":[{"count":44,"href":"http:\/\/viettradecompass.com\/index.php\/wp-json\/wp\/v2\/pages\/9\/revisions"}],"predecessor-version":[{"id":820,"href":"http:\/\/viettradecompass.com\/index.php\/wp-json\/wp\/v2\/pages\/9\/revisions\/820"}],"wp:featuredmedia":[{"embeddable":true,"href":"http:\/\/viettradecompass.com\/index.php\/wp-json\/wp\/v2\/media\/10"}],"wp:attachment":[{"href":"http:\/\/viettradecompass.com\/index.php\/wp-json\/wp\/v2\/media?parent=9"}],"curies":[{"name":"wp","href":"https:\/\/api.w.org\/{rel}","templated":true}]}}