{"id":649,"date":"2022-10-01T04:40:33","date_gmt":"2022-10-01T04:40:33","guid":{"rendered":"http:\/\/viettradecompass.com\/?page_id=649"},"modified":"2024-09-12T07:39:11","modified_gmt":"2024-09-12T07:39:11","slug":"visa-dinh-cu-uc-dien-viec-lam-va-dien-tay-nghe-skilled-worker","status":"publish","type":"page","link":"https:\/\/viettradecompass.com\/index.php\/visa-dinh-cu-uc-dien-viec-lam-va-dien-tay-nghe-skilled-worker\/","title":{"rendered":"VISA \u0110\u1ecaNH C\u01af \u00daC DI\u1ec6N VI\u1ec6C L\u00c0M V\u00c0 DI\u1ec6N TAY NGH\u1ec0 (SKILLED WORKER)"},"content":{"rendered":"\n<p>Visa tay ngh\u1ec1 \u00dac l\u00e0 visa nh\u1eb1m thu h\u00fat nh\u00e2n l\u1ef1c c\u00f3 tay ngh\u1ec1, chuy\u00ean m\u00f4n cao, gi\u1ecfi anh ng\u1eef v\u00e0 c\u00f3 kh\u1ea3 n\u0103ng tham gia v\u00e0o l\u1ef1c l\u01b0\u1ee3ng lao \u0111\u1ed9ng c\u1ea7n thi\u1ebft c\u1ee7a \u00dac \u0111\u1ebfn l\u00e0m vi\u1ec7c v\u00e0 \u0111\u1ecbnh c\u01b0 t\u1ea1i \u00dac.<\/p>\n\n\n\n<p>Visa tay ngh\u1ec1 \u00dac c\u00f3 nhi\u1ec1u \u0111\u00f2i h\u1ecfi v\u00e0 thay \u0111\u1ed5i li\u00ean t\u1ee5c v\u00ec \u1edf t\u1eebng th\u1eddi \u0111i\u1ec3m, \u00dac c\u00f3 nhu c\u1ea7u kh\u00e1c nhau \u0111\u1ed1i v\u1edbi l\u1ef1c l\u01b0\u1ee3ng lao \u0111\u1ed9ng tay ngh\u1ec1 cao.<\/p>\n\n\n\n<p>Trong n\u0103m 2022-2023, ch\u1ec9 ti\u00eau nh\u1eadp c\u01b0 tay ngh\u1ec1 cao c\u1ee7a \u00dac d\u1ef1 ki\u1ebfn l\u00e0 109,900 su\u1ea5t, t\u0103ng 30,000 su\u1ea5t so v\u1edbi k\u1ebf ho\u1ea1ch c\u1ee7a n\u0103m 2021-2022.<\/p>\n\n\n\n<p><strong>Visa tay ngh\u1ec1 \u00dac<\/strong><strong> &#8211; \u0110i\u1ec1u ki\u1ec7n chung:<\/strong><\/p>\n\n\n\n<ul>\n<li>Tu\u1ed5i: B\u1ea1n c\u1ea7n \u1edf \u0111\u1ed9 tu\u1ed5i t\u1eeb 18 \u0111\u1ebfn 44 t\u1ea1i th\u1eddi \u0111i\u1ec3m n\u1ed9p \u0111\u01a1n.<\/li>\n\n\n\n<li>Kh\u1ea3 n\u0103ng ti\u1ebfng Anh: B\u1ea1n c\u1ea7n ph\u1ea3i ti\u1ebfn h\u00e0nh ki\u1ec3m tra tr\u00ecnh \u0111\u1ed9 ti\u1ebfng Anh \u0111\u1ec3 \u0111\u1ea1t tr\u00ecnh \u0111\u1ed9 y\u00eau c\u1ea7u (cho t\u1eebng d\u00f2ng visa kh\u00e1c nhau).<\/li>\n\n\n\n<li>\u0110\u00e1nh gi\u00e1 tr\u00ecnh \u0111\u1ed9 chuy\u00ean m\u00f4n: T\u1ea5t c\u1ea3 c\u00e1c \u1ee9ng vi\u00ean c\u1ea7n ph\u1ea3i tr\u1ea3i qua \u0111\u00e1nh gi\u00e1 k\u1ef9 n\u0103ng, tr\u00ecnh \u0111\u1ed9 chuy\u00ean m\u00f4n ng\u00e0nh ngh\u1ec1 c\u1ee7a m\u00ecnh. Ti\u00eau chu\u1ea9n \u0111\u00e1nh gi\u00e1 c\u00e1c k\u1ef9 n\u0103ng kh\u00e1c nhau t\u00f9y theo ngh\u1ec1 nghi\u1ec7p, v\u00e0 \u0111\u01b0\u1ee3c th\u1ea9m \u0111\u1ecbnh b\u1edfi c\u00e1c c\u01a1 quan c\u00f3 th\u1ea9m quy\u1ec1n \u0111\u1ea1i di\u1ec7n cho ch\u00ednh ph\u1ee7 \u00dac. Trong h\u1ea7u h\u1ebft c\u00e1c tr\u01b0\u1eddng h\u1ee3p, vi\u1ec7c \u0111\u00e1nh gi\u00e1 k\u1ef9 n\u0103ng s\u1ebd \u0111\u01b0\u1ee3c d\u1ef1a tr\u00ean tr\u00ecnh \u0111\u1ed9 c\u1ee7a \u1ee9ng vi\u00ean v\u00e0 kinh nghi\u1ec7m l\u00e0m vi\u1ec7c.<\/li>\n\n\n\n<li>\u0110i\u1ec3m \u0111\u00e1nh gi\u00e1: B\u1ea1n c\u1ea7n ph\u1ea3i \u0111\u1ea1t ho\u1eb7c v\u01b0\u1ee3t \u0111i\u1ec3m quy \u0111\u1ecbnh (pass mark) trong b\u1ea3ng \u0111i\u1ec3m \u0111\u1ecbnh c\u01b0 tay ngh\u1ec1 \u0111\u1ec3 h\u1ed9i \u0111\u1ee7 \u0111i\u1ec1u ki\u1ec7n n\u1ed9p h\u1ed3 s\u01a1.<\/li>\n\n\n\n<li>SkillSelect: T\u1ea5t c\u1ea3 c\u00e1c \u1ee9ng vi\u00ean c\u1ea7n ph\u1ea3i th\u1ef1c hi\u1ec7n h\u1ed3 s\u01a1 qua h\u1ec7 th\u1ed1ng SkillSelect (L\u1ef1a ch\u1ecdn K\u1ef9 n\u0103ng) tr\u01b0\u1edbc khi \u0111\u01b0\u1ee3c n\u1ed9p \u0111\u01a1n xin th\u1ecb th\u1ef1c, vi\u1ec7c n\u00e0y bao g\u1ed3m b\u01b0\u1edbc b\u00e0y t\u1ecf nguy\u1ec7n v\u1ecdng (EOI: Expression of Interest) v\u00e0 k\u1ebf \u0111\u1ebfn l\u00e0 nh\u1eadn \u0111\u01b0\u1ee3c l\u1eddi m\u1eddi n\u1ed9p h\u1ed3 s\u01a1 t\u1eeb B\u1ed9 Di Tr\u00fa.<\/li>\n<\/ul>\n\n\n\n<p><\/p>\n\n\n\n<p><strong>Visa 482 l\u00e0 g\u00ec <\/strong><\/p>\n\n\n\n<p>Visa 482 (Temporary Skill Shortage visa \u2013 subclass 482) c\u00f2n \u0111\u01b0\u1ee3c g\u1ecdi visa TSS, l\u00e0 visa tay ngh\u1ec1 d\u00e0nh cho \u0111\u01b0\u01a1ng \u0111\u01a1n c\u00f3 kinh nghi\u1ec7m, chuy\u00ean m\u00f4n. \u1ee8ng vi\u00ean visa 482 s\u1ebd \u0111\u01b0\u1ee3c doanh nghi\u1ec7p \u00dac b\u1ea3o l\u00e3nh sang \u00dac l\u00e0m vi\u1ec7c t\u1eeb 2\u20134 n\u0103m trong nh\u1eefng l\u0129nh v\u1ef1c ng\u00e0nh ngh\u1ec1 \u0111ang thi\u1ebfu h\u1ee5t.<\/p>\n\n\n\n<p><strong>\u0110i\u1ec1u ki\u1ec7n Visa 482 <\/strong><strong>\u00daC<\/strong><\/p>\n\n\n\n<ul>\n<li>\u0110\u01b0\u1ee3c doanh nghi\u1ec7p t\u1ea1i \u00dac \u0111\u1ec1 c\u1eed v\u00e0 b\u1ea3o l\u00e3nh sang \u00dac l\u00e0m vi\u1ec7c<\/li>\n\n\n\n<li>C\u00f4ng vi\u1ec7c ph\u1ea3i thu\u1ed9c danh s\u00e1ch ng\u00e0nh ngh\u1ec1 \u0111\u01b0\u1ee3c b\u1ea3o l\u00e3nh<\/li>\n\n\n\n<li>Kinh nghi\u1ec7m l\u00e0m vi\u1ec7c: t\u1ed1i thi\u1ec3u 2 n\u0103m kinh nghi\u1ec7m trong l\u0129nh v\u1ef1c \u0111\u01b0\u1ee3c \u0111\u1ec1 c\u1eed<\/li>\n\n\n\n<li>V\u01b0\u1ee3t qua th\u1ea9m \u0111\u1ecbnh tay ngh\u1ec1 (Skills Assessment)<\/li>\n\n\n\n<li>S\u1ee9c kh\u1ecfe v\u00e0 l\u00fd l\u1ecbch t\u01b0 ph\u00e1p t\u1ed1t<\/li>\n\n\n\n<li>Tr\u00ecnh \u0111\u1ed9 ti\u1ebfng Anh: t\u1ed1i thi\u1ec3u IELTS 5.0 (kh\u00f4ng k\u1ef9 n\u0103ng n\u00e0o d\u01b0\u1edbi 4.5)<\/li>\n<\/ul>\n\n\n\n<p><strong>Quy\u1ec1n l\u1ee3i Visa 482 <\/strong><strong>\u00daC<\/strong><\/p>\n\n\n\n<ul>\n<li>Sinh s\u1ed1ng, l\u00e0m vi\u1ec7c, t\u1ea1i \u00dac t\u1eeb 2 \u2013 4 n\u0103m<\/li>\n\n\n\n<li>N\u1ed9p xin visa th\u01b0\u1eddng tr\u00fa (PR) khi \u0111\u1ee7 \u0111i\u1ec1u ki\u1ec7n.<\/li>\n<\/ul>\n\n\n\n<p><\/p>\n\n\n\n<p>&gt;&gt;<\/p>\n\n\n\n<p>B\u00ean c\u1ea1nh kinh nghi\u1ec7m h\u01a1n 10 n\u0103m c\u00f4ng t\u00e1c t\u1ea1i T\u1ed5ng L\u00e3nh S\u1ef1 Qu\u00e1n \u00dac, ch\u00fang t\u00f4i \u0111\u1ed3ng th\u1eddi l\u00e0m vi\u1ec7c v\u1edbi c\u00e1c Lu\u1eadt s\u01b0 Di Tr\u00fa \u0110\u1ecbnh c\u01b0 c\u1ee7a \u00dac (accredited Australian Immigration Lawyer) gi\u00e0u kinh nghi\u1ec7m v\u00e0 t\u1eadn t\u00e2m nh\u1eb1m c\u00f3 \u0111\u01b0\u1ee3c ch\u1ea5t l\u01b0\u1ee3ng ph\u1ee5c v\u1ee5 v\u00e0 hi\u1ec7u qu\u1ea3 c\u00f4ng vi\u1ec7c t\u1ed1t nh\u1ea5t.<\/p>\n\n\n\n<p>T\u00ecm hi\u1ec3u v\u00e0 trao \u0111\u1ed5i th\u00eam th\u00f4ng tin vui l\u00f2ng li\u00ean l\u1ec7 v\u1edbi ch\u00fang t\u00f4i qua email:&nbsp;<a href=\"mailto:info@viettradecompass.com\">info@viettradecompass.com<\/a><\/p>\n","protected":false},"excerpt":{"rendered":"<p>Visa tay ngh\u1ec1 \u00dac l\u00e0 visa nh\u1eb1m thu h\u00fat nh\u00e2n l\u1ef1c c\u00f3 tay ngh\u1ec1, chuy\u00ean&#8230;<\/p>\n","protected":false},"author":1,"featured_media":0,"parent":0,"menu_order":0,"comment_status":"closed","ping_status":"closed","template":"","meta":{"footnotes":""},"lang":"en","translations":{"en":649},"pll_sync_post":[],"_links":{"self":[{"href":"https:\/\/viettradecompass.com\/index.php\/wp-json\/wp\/v2\/pages\/649"}],"collection":[{"href":"https:\/\/viettradecompass.com\/index.php\/wp-json\/wp\/v2\/pages"}],"about":[{"href":"https:\/\/viettradecompass.com\/index.php\/wp-json\/wp\/v2\/types\/page"}],"author":[{"embeddable":true,"href":"https:\/\/viettradecompass.com\/index.php\/wp-json\/wp\/v2\/users\/1"}],"replies":[{"embeddable":true,"href":"https:\/\/viettradecompass.com\/index.php\/wp-json\/wp\/v2\/comments?post=649"}],"version-history":[{"count":5,"href":"https:\/\/viettradecompass.com\/index.php\/wp-json\/wp\/v2\/pages\/649\/revisions"}],"predecessor-version":[{"id":724,"href":"https:\/\/viettradecompass.com\/index.php\/wp-json\/wp\/v2\/pages\/649\/revisions\/724"}],"wp:attachment":[{"href":"https:\/\/viettradecompass.com\/index.php\/wp-json\/wp\/v2\/media?parent=649"}],"curies":[{"name":"wp","href":"https:\/\/api.w.org\/{rel}","templated":true}]}}